{"id":254,"date":"2014-12-10T07:17:49","date_gmt":"2014-12-10T06:17:49","guid":{"rendered":"http:\/\/anpsthemes.com\/constructo\/?page_id=254"},"modified":"2022-02-16T10:32:46","modified_gmt":"2022-02-16T09:32:46","slug":"doprava","status":"publish","type":"page","link":"https:\/\/www.bosped.cz\/en\/sluzby\/doprava\/","title":{"rendered":"Transport"},"content":{"rendered":"<div class=\"wpb-content-wrapper\"><p><\/p>\n<p>[vc_row][vc_column width=&#8221;1\/2&#8243;][vc_single_image image=&#8221;2279&#8243; img_size=&#8221;full&#8221;][vc_empty_space height=&#8221;5px&#8221;][vc_custom_heading text=&#8221;TRANSPORT&#8221; font_container=&#8221;tag:h2|font_size:18|text_align:left&#8221; use_theme_fonts=&#8221;yes&#8221;][vc_empty_space height=&#8221;15px&#8221;][vc_column_text]We are currently expanding our own fleet of trailers with the Joloda system also with a contracted fleet for transport with usable capacity from 3 to 25 tonnes.<\/p>\n<p>We specialise mainly in transport in the paper industry but we also fulfil other above standard requirements for transport with certain specialisations, including the transport of dangerous goods (ADR) or transport of waste.<\/p>\n<p>We have adequate insurance policies and the progress of all transport is monitored from the central dispatch centre in Prague or from the company&#8217;s branch in N\u00e1chod.<br \/>\n[\/vc_column_text][\/vc_column][vc_column width=&#8221;1\/2&#8243;][vc_single_image image=&#8221;1972&#8243; img_size=&#8221;full&#8221;][vc_empty_space height=&#8221;10px&#8221;][vc_single_image image=&#8221;2278&#8243; img_size=&#8221;full&#8221;][vc_empty_space height=&#8221;5px&#8221;][vc_custom_heading text=&#8221;TRUCKING&#8221; font_container=&#8221;tag:h2|font_size:18|text_align:left&#8221; use_theme_fonts=&#8221;yes&#8221;][vc_empty_space height=&#8221;15px&#8221;][vc_column_text]In addition to the exclusive utilisation of the vehicles of our contractual carriers or their one-time utilisation, we also allow them to use trailers with the Joloda system provided by us together with the carrier&#8217;s trucks.<\/p>\n<p>We thereby assume the risk of operating special equipment of trailers in the event of a market downturn at times of crises or we participate in risks associated with the operation of motor vehicles, including their ageing and wear.[\/vc_column_text][\/vc_column][\/vc_row][vc_row][vc_column][vc_empty_space height=&#8221;60px&#8221;][\/vc_column][\/vc_row]<\/p>\n<p><\/p>\n<\/div>","protected":false},"excerpt":{"rendered":"<p>[vc_row][vc_column width=&#8221;1\/2&#8243;][vc_single_image image=&#8221;2279&#8243; img_size=&#8221;full&#8221;][vc_empty_space height=&#8221;5px&#8221;][vc_custom_heading text=&#8221;TRANSPORT&#8221; font_container=&#8221;tag:h2|font_size:18|text_align:left&#8221; use_theme_fonts=&#8221;yes&#8221;][vc_empty_space height=&#8221;15px&#8221;][vc_column_text]We are currently expanding our own fleet of trailers with the Joloda system also with a contracted fleet for transport with usable capacity from 3 to 25 tonnes. We specialise mainly in&#8230;<\/p>\n","protected":false},"author":4,"featured_media":0,"parent":9,"menu_order":2,"comment_status":"closed","ping_status":"closed","template":"","meta":{"footnotes":""},"class_list":["post-254","page","type-page","status-publish","hentry"],"yoast_head":"<!-- This site is optimized with the Yoast SEO plugin v27.5 - https:\/\/yoast.com\/product\/yoast-seo-wordpress\/ -->\n<title>Transport - BOSPED, spol. s r. o.<\/title>\n<meta name=\"description\" content=\"Doprava vlastn\u00ed flotilou n\u00e1v\u011bs\u016f s\u00a0joloda syst\u00e9mem a smluvn\u011b zaji\u0161t\u011bn\u00fdm vozov\u00fdm parkem pro\u00a0p\u0159epravy o\u00a0u\u017eite\u010dn\u00fdch hmotnostech od\u00a03 do\u00a025\u00a0tun\" \/>\n<meta name=\"robots\" content=\"index, follow, max-snippet:-1, max-image-preview:large, max-video-preview:-1\" \/>\n<link rel=\"canonical\" href=\"https:\/\/www.bosped.cz\/sluzby\/doprava\/\" \/>\n<meta property=\"og:locale\" content=\"en_US\" \/>\n<meta property=\"og:type\" content=\"article\" \/>\n<meta property=\"og:title\" content=\"[:cs]Doprava[:de]Transport[:en]Transport[:] - BOSPED, spol. s r. o.\" \/>\n<meta property=\"og:description\" content=\"Doprava vlastn\u00ed flotilou n\u00e1v\u011bs\u016f s\u00a0joloda syst\u00e9mem a smluvn\u011b zaji\u0161t\u011bn\u00fdm vozov\u00fdm parkem pro\u00a0p\u0159epravy o\u00a0u\u017eite\u010dn\u00fdch hmotnostech od\u00a03 do\u00a025\u00a0tun\" \/>\n<meta property=\"og:url\" content=\"https:\/\/www.bosped.cz\/sluzby\/doprava\/\" \/>\n<meta property=\"og:site_name\" content=\"BOSPED, spol. s r. o.\" \/>\n<meta property=\"article:modified_time\" content=\"2022-02-16T09:32:46+00:00\" \/>\n<meta name=\"twitter:card\" content=\"summary_large_image\" \/>\n<meta name=\"twitter:label1\" content=\"Est. reading time\" \/>\n\t<meta name=\"twitter:data1\" content=\"5 minutes\" \/>\n<script type=\"application\/ld+json\" class=\"yoast-schema-graph\">{\"@context\":\"https:\\\/\\\/schema.org\",\"@graph\":[{\"@type\":\"WebPage\",\"@id\":\"https:\\\/\\\/www.bosped.cz\\\/sluzby\\\/doprava\\\/\",\"url\":\"https:\\\/\\\/www.bosped.cz\\\/sluzby\\\/doprava\\\/\",\"name\":\"[:cs]Doprava[:de]Transport[:en]Transport[:] - BOSPED, spol. s r. o.\",\"isPartOf\":{\"@id\":\"https:\\\/\\\/www.bosped.cz\\\/#website\"},\"datePublished\":\"2014-12-10T06:17:49+00:00\",\"dateModified\":\"2022-02-16T09:32:46+00:00\",\"description\":\"Doprava vlastn\u00ed flotilou n\u00e1v\u011bs\u016f s\u00a0joloda syst\u00e9mem a smluvn\u011b zaji\u0161t\u011bn\u00fdm vozov\u00fdm parkem pro\u00a0p\u0159epravy o\u00a0u\u017eite\u010dn\u00fdch hmotnostech od\u00a03 do\u00a025\u00a0tun\",\"breadcrumb\":{\"@id\":\"https:\\\/\\\/www.bosped.cz\\\/sluzby\\\/doprava\\\/#breadcrumb\"},\"inLanguage\":\"en-US\",\"potentialAction\":[{\"@type\":\"ReadAction\",\"target\":[\"https:\\\/\\\/www.bosped.cz\\\/sluzby\\\/doprava\\\/\"]}]},{\"@type\":\"BreadcrumbList\",\"@id\":\"https:\\\/\\\/www.bosped.cz\\\/sluzby\\\/doprava\\\/#breadcrumb\",\"itemListElement\":[{\"@type\":\"ListItem\",\"position\":1,\"name\":\"Dom\u016f\",\"item\":\"https:\\\/\\\/www.bosped.cz\\\/\"},{\"@type\":\"ListItem\",\"position\":2,\"name\":\"Dienstleistungen\",\"item\":\"https:\\\/\\\/www.bosped.cz\\\/de\\\/sluzby\\\/\"},{\"@type\":\"ListItem\",\"position\":3,\"name\":\"Doprava\"}]},{\"@type\":\"WebSite\",\"@id\":\"https:\\\/\\\/www.bosped.cz\\\/#website\",\"url\":\"https:\\\/\\\/www.bosped.cz\\\/\",\"name\":\"BOSPED, spol. s r. o.\",\"description\":\"My jsme JOLODA.cz!\",\"potentialAction\":[{\"@type\":\"SearchAction\",\"target\":{\"@type\":\"EntryPoint\",\"urlTemplate\":\"https:\\\/\\\/www.bosped.cz\\\/?s={search_term_string}\"},\"query-input\":{\"@type\":\"PropertyValueSpecification\",\"valueRequired\":true,\"valueName\":\"search_term_string\"}}],\"inLanguage\":\"en-US\"}]}<\/script>\n<!-- \/ Yoast SEO plugin. -->","yoast_head_json":{"title":"[:cs]Doprava[:de]Transport[:en]Transport[:] - BOSPED, spol. s r. o.","description":"Doprava vlastn\u00ed flotilou n\u00e1v\u011bs\u016f s\u00a0joloda syst\u00e9mem a smluvn\u011b zaji\u0161t\u011bn\u00fdm vozov\u00fdm parkem pro\u00a0p\u0159epravy o\u00a0u\u017eite\u010dn\u00fdch hmotnostech od\u00a03 do\u00a025\u00a0tun","robots":{"index":"index","follow":"follow","max-snippet":"max-snippet:-1","max-image-preview":"max-image-preview:large","max-video-preview":"max-video-preview:-1"},"canonical":"https:\/\/www.bosped.cz\/sluzby\/doprava\/","og_locale":"en_US","og_type":"article","og_title":"[:cs]Doprava[:de]Transport[:en]Transport[:] - BOSPED, spol. s r. o.","og_description":"Doprava vlastn\u00ed flotilou n\u00e1v\u011bs\u016f s\u00a0joloda syst\u00e9mem a smluvn\u011b zaji\u0161t\u011bn\u00fdm vozov\u00fdm parkem pro\u00a0p\u0159epravy o\u00a0u\u017eite\u010dn\u00fdch hmotnostech od\u00a03 do\u00a025\u00a0tun","og_url":"https:\/\/www.bosped.cz\/sluzby\/doprava\/","og_site_name":"BOSPED, spol. s r. o.","article_modified_time":"2022-02-16T09:32:46+00:00","twitter_card":"summary_large_image","twitter_misc":{"Est. reading time":"5 minutes"},"schema":{"@context":"https:\/\/schema.org","@graph":[{"@type":"WebPage","@id":"https:\/\/www.bosped.cz\/sluzby\/doprava\/","url":"https:\/\/www.bosped.cz\/sluzby\/doprava\/","name":"[:cs]Doprava[:de]Transport[:en]Transport[:] - BOSPED, spol. s r. o.","isPartOf":{"@id":"https:\/\/www.bosped.cz\/#website"},"datePublished":"2014-12-10T06:17:49+00:00","dateModified":"2022-02-16T09:32:46+00:00","description":"Doprava vlastn\u00ed flotilou n\u00e1v\u011bs\u016f s\u00a0joloda syst\u00e9mem a smluvn\u011b zaji\u0161t\u011bn\u00fdm vozov\u00fdm parkem pro\u00a0p\u0159epravy o\u00a0u\u017eite\u010dn\u00fdch hmotnostech od\u00a03 do\u00a025\u00a0tun","breadcrumb":{"@id":"https:\/\/www.bosped.cz\/sluzby\/doprava\/#breadcrumb"},"inLanguage":"en-US","potentialAction":[{"@type":"ReadAction","target":["https:\/\/www.bosped.cz\/sluzby\/doprava\/"]}]},{"@type":"BreadcrumbList","@id":"https:\/\/www.bosped.cz\/sluzby\/doprava\/#breadcrumb","itemListElement":[{"@type":"ListItem","position":1,"name":"Dom\u016f","item":"https:\/\/www.bosped.cz\/"},{"@type":"ListItem","position":2,"name":"Dienstleistungen","item":"https:\/\/www.bosped.cz\/de\/sluzby\/"},{"@type":"ListItem","position":3,"name":"Doprava"}]},{"@type":"WebSite","@id":"https:\/\/www.bosped.cz\/#website","url":"https:\/\/www.bosped.cz\/","name":"BOSPED, spol. s r. o.","description":"My jsme JOLODA.cz!","potentialAction":[{"@type":"SearchAction","target":{"@type":"EntryPoint","urlTemplate":"https:\/\/www.bosped.cz\/?s={search_term_string}"},"query-input":{"@type":"PropertyValueSpecification","valueRequired":true,"valueName":"search_term_string"}}],"inLanguage":"en-US"}]}},"_links":{"self":[{"href":"https:\/\/www.bosped.cz\/en\/wp-json\/wp\/v2\/pages\/254","targetHints":{"allow":["GET"]}}],"collection":[{"href":"https:\/\/www.bosped.cz\/en\/wp-json\/wp\/v2\/pages"}],"about":[{"href":"https:\/\/www.bosped.cz\/en\/wp-json\/wp\/v2\/types\/page"}],"author":[{"embeddable":true,"href":"https:\/\/www.bosped.cz\/en\/wp-json\/wp\/v2\/users\/4"}],"replies":[{"embeddable":true,"href":"https:\/\/www.bosped.cz\/en\/wp-json\/wp\/v2\/comments?post=254"}],"version-history":[{"count":5,"href":"https:\/\/www.bosped.cz\/en\/wp-json\/wp\/v2\/pages\/254\/revisions"}],"predecessor-version":[{"id":2914,"href":"https:\/\/www.bosped.cz\/en\/wp-json\/wp\/v2\/pages\/254\/revisions\/2914"}],"up":[{"embeddable":true,"href":"https:\/\/www.bosped.cz\/en\/wp-json\/wp\/v2\/pages\/9"}],"wp:attachment":[{"href":"https:\/\/www.bosped.cz\/en\/wp-json\/wp\/v2\/media?parent=254"}],"curies":[{"name":"wp","href":"https:\/\/api.w.org\/{rel}","templated":true}]}}