{"id":2337,"date":"2016-10-03T15:25:20","date_gmt":"2016-10-03T14:25:20","guid":{"rendered":"https:\/\/www.bosped.cz\/?page_id=2337"},"modified":"2022-02-04T18:02:48","modified_gmt":"2022-02-04T17:02:48","slug":"mongol-rally-2016","status":"publish","type":"page","link":"https:\/\/www.bosped.cz\/en\/podporujeme\/mongol-rally-2016\/","title":{"rendered":"Mongol Rally 2016"},"content":{"rendered":"<div class=\"wpb-content-wrapper\"><p><\/p>\n<p>[vc_row][vc_column][vc_images_carousel images=&#8221;2342,2343,2344,2345,2346,2347,2348,2349,2350,2351,2352,2353,2354,2355,2356,2357,2358,2359,2360,2361&#8243; img_size=&#8221;full&#8221; onclick=&#8221;link_no&#8221; autoplay=&#8221;yes&#8221;][\/vc_column][\/vc_row][vc_row][vc_column][vc_empty_space height=&#8221;20px&#8221;][\/vc_column][\/vc_row][vc_row][vc_column][vc_column_text]<span class=\"s1\">Expedition Czech crew (consisting of Ond\u0159ej Koz\u00e1k, Luk\u00e1\u0161 Kupec and Michal Star\u00fd) traveling liter Hyundai Getz 17,000 kilometers to the finish in Ulan-Ude in the &#8220;rally&#8221;, which is not about to finish first, but mainly ride, to raise money for charity, and especially how the organizers themselves say: &#8220;Fighting to make the world less boring&#8221;.<\/span>[\/vc_column_text][vc_empty_space height=&#8221;20px&#8221;][vc_column_text]They drove through Austria, Hungary, Romania, Bulgaria, Turkey, Georgia, Armenia, Iran, Turkmenistan, Uzbekistan, Kazakhstan, Russia, Mongolia and across Russia, Ukraine and Poland back home. Twice broke tank, bended car arms, axles, tore bumpers, about a hundred times sank into the sand in the desert, numerous times repairing tires, exploded controller, waded into the rivers, they took hitchhikers, bribed cops, called the embassies, visited hell, participated in two weddings, birthday partying, they slept in the castle on the tower, not even once do not pay for accommodation, eating marmots, drinking the acidified horse milk, and despite all of this, the infernal car imported them to the finish![\/vc_column_text][\/vc_column][\/vc_row][vc_row][vc_column][vc_empty_space height=&#8221;60px&#8221;][\/vc_column][\/vc_row]<\/p>\n<p><\/p>\n<\/div>","protected":false},"excerpt":{"rendered":"<p>[vc_row][vc_column][vc_images_carousel images=&#8221;2342,2343,2344,2345,2346,2347,2348,2349,2350,2351,2352,2353,2354,2355,2356,2357,2358,2359,2360,2361&#8243; img_size=&#8221;full&#8221; onclick=&#8221;link_no&#8221; autoplay=&#8221;yes&#8221;][\/vc_column][\/vc_row][vc_row][vc_column][vc_empty_space height=&#8221;20px&#8221;][\/vc_column][\/vc_row][vc_row][vc_column][vc_column_text]Expedition Czech crew (consisting of Ond\u0159ej Koz\u00e1k, Luk\u00e1\u0161 Kupec and Michal Star\u00fd) traveling liter Hyundai Getz 17,000 kilometers to the finish in Ulan-Ude in the &#8220;rally&#8221;, which is not about to finish first, but mainly&#8230;<\/p>\n","protected":false},"author":4,"featured_media":0,"parent":1578,"menu_order":0,"comment_status":"closed","ping_status":"closed","template":"","meta":{"footnotes":""},"class_list":["post-2337","page","type-page","status-publish","hentry"],"yoast_head":"<!-- This site is optimized with the Yoast SEO plugin v27.5 - https:\/\/yoast.com\/product\/yoast-seo-wordpress\/ -->\n<title>Mongol Rally 2016 - BOSPED, spol. s r. o.<\/title>\n<meta name=\"robots\" content=\"index, follow, max-snippet:-1, max-image-preview:large, max-video-preview:-1\" \/>\n<link rel=\"canonical\" href=\"https:\/\/www.bosped.cz\/podporujeme\/mongol-rally-2016\/\" \/>\n<meta property=\"og:locale\" content=\"en_US\" \/>\n<meta property=\"og:type\" content=\"article\" \/>\n<meta property=\"og:title\" content=\"Mongol Rally 2016 - BOSPED, spol. s r. o.\" \/>\n<meta property=\"og:description\" content=\"[vc_row][vc_column][vc_images_carousel images=&#8221;2342,2343,2344,2345,2346,2347,2348,2349,2350,2351,2352,2353,2354,2355,2356,2357,2358,2359,2360,2361&#8243; img_size=&#8221;full&#8221; onclick=&#8221;link_no&#8221; autoplay=&#8221;yes&#8221;][\/vc_column][\/vc_row][vc_row][vc_column][vc_empty_space height=&#8221;20px&#8221;][\/vc_column][\/vc_row][vc_row][vc_column][vc_column_text]Expedition Czech crew (consisting of Ond\u0159ej Koz\u00e1k, Luk\u00e1\u0161 Kupec and Michal Star\u00fd) traveling liter Hyundai Getz 17,000 kilometers to the finish in Ulan-Ude in the &#8220;rally&#8221;, which is not about to finish first, but mainly...\" \/>\n<meta property=\"og:url\" content=\"https:\/\/www.bosped.cz\/podporujeme\/mongol-rally-2016\/\" \/>\n<meta property=\"og:site_name\" content=\"BOSPED, spol. s r. o.\" \/>\n<meta property=\"article:modified_time\" content=\"2022-02-04T17:02:48+00:00\" \/>\n<meta name=\"twitter:card\" content=\"summary_large_image\" \/>\n<meta name=\"twitter:label1\" content=\"Est. reading time\" \/>\n\t<meta name=\"twitter:data1\" content=\"4 minutes\" \/>\n<script type=\"application\/ld+json\" class=\"yoast-schema-graph\">{\"@context\":\"https:\\\/\\\/schema.org\",\"@graph\":[{\"@type\":\"WebPage\",\"@id\":\"https:\\\/\\\/www.bosped.cz\\\/podporujeme\\\/mongol-rally-2016\\\/\",\"url\":\"https:\\\/\\\/www.bosped.cz\\\/podporujeme\\\/mongol-rally-2016\\\/\",\"name\":\"Mongol Rally 2016 - BOSPED, spol. s r. o.\",\"isPartOf\":{\"@id\":\"https:\\\/\\\/www.bosped.cz\\\/#website\"},\"datePublished\":\"2016-10-03T14:25:20+00:00\",\"dateModified\":\"2022-02-04T17:02:48+00:00\",\"breadcrumb\":{\"@id\":\"https:\\\/\\\/www.bosped.cz\\\/podporujeme\\\/mongol-rally-2016\\\/#breadcrumb\"},\"inLanguage\":\"en-US\",\"potentialAction\":[{\"@type\":\"ReadAction\",\"target\":[\"https:\\\/\\\/www.bosped.cz\\\/podporujeme\\\/mongol-rally-2016\\\/\"]}]},{\"@type\":\"BreadcrumbList\",\"@id\":\"https:\\\/\\\/www.bosped.cz\\\/podporujeme\\\/mongol-rally-2016\\\/#breadcrumb\",\"itemListElement\":[{\"@type\":\"ListItem\",\"position\":1,\"name\":\"Dom\u016f\",\"item\":\"https:\\\/\\\/www.bosped.cz\\\/\"},{\"@type\":\"ListItem\",\"position\":2,\"name\":\"Podporujeme\",\"item\":\"https:\\\/\\\/www.bosped.cz\\\/podporujeme\\\/\"},{\"@type\":\"ListItem\",\"position\":3,\"name\":\"Mongol Rally 2016\"}]},{\"@type\":\"WebSite\",\"@id\":\"https:\\\/\\\/www.bosped.cz\\\/#website\",\"url\":\"https:\\\/\\\/www.bosped.cz\\\/\",\"name\":\"BOSPED, spol. s r. o.\",\"description\":\"My jsme JOLODA.cz!\",\"potentialAction\":[{\"@type\":\"SearchAction\",\"target\":{\"@type\":\"EntryPoint\",\"urlTemplate\":\"https:\\\/\\\/www.bosped.cz\\\/?s={search_term_string}\"},\"query-input\":{\"@type\":\"PropertyValueSpecification\",\"valueRequired\":true,\"valueName\":\"search_term_string\"}}],\"inLanguage\":\"en-US\"}]}<\/script>\n<!-- \/ Yoast SEO plugin. -->","yoast_head_json":{"title":"Mongol Rally 2016 - BOSPED, spol. s r. o.","robots":{"index":"index","follow":"follow","max-snippet":"max-snippet:-1","max-image-preview":"max-image-preview:large","max-video-preview":"max-video-preview:-1"},"canonical":"https:\/\/www.bosped.cz\/podporujeme\/mongol-rally-2016\/","og_locale":"en_US","og_type":"article","og_title":"Mongol Rally 2016 - BOSPED, spol. s r. o.","og_description":"[vc_row][vc_column][vc_images_carousel images=&#8221;2342,2343,2344,2345,2346,2347,2348,2349,2350,2351,2352,2353,2354,2355,2356,2357,2358,2359,2360,2361&#8243; img_size=&#8221;full&#8221; onclick=&#8221;link_no&#8221; autoplay=&#8221;yes&#8221;][\/vc_column][\/vc_row][vc_row][vc_column][vc_empty_space height=&#8221;20px&#8221;][\/vc_column][\/vc_row][vc_row][vc_column][vc_column_text]Expedition Czech crew (consisting of Ond\u0159ej Koz\u00e1k, Luk\u00e1\u0161 Kupec and Michal Star\u00fd) traveling liter Hyundai Getz 17,000 kilometers to the finish in Ulan-Ude in the &#8220;rally&#8221;, which is not about to finish first, but mainly...","og_url":"https:\/\/www.bosped.cz\/podporujeme\/mongol-rally-2016\/","og_site_name":"BOSPED, spol. s r. o.","article_modified_time":"2022-02-04T17:02:48+00:00","twitter_card":"summary_large_image","twitter_misc":{"Est. reading time":"4 minutes"},"schema":{"@context":"https:\/\/schema.org","@graph":[{"@type":"WebPage","@id":"https:\/\/www.bosped.cz\/podporujeme\/mongol-rally-2016\/","url":"https:\/\/www.bosped.cz\/podporujeme\/mongol-rally-2016\/","name":"Mongol Rally 2016 - BOSPED, spol. s r. o.","isPartOf":{"@id":"https:\/\/www.bosped.cz\/#website"},"datePublished":"2016-10-03T14:25:20+00:00","dateModified":"2022-02-04T17:02:48+00:00","breadcrumb":{"@id":"https:\/\/www.bosped.cz\/podporujeme\/mongol-rally-2016\/#breadcrumb"},"inLanguage":"en-US","potentialAction":[{"@type":"ReadAction","target":["https:\/\/www.bosped.cz\/podporujeme\/mongol-rally-2016\/"]}]},{"@type":"BreadcrumbList","@id":"https:\/\/www.bosped.cz\/podporujeme\/mongol-rally-2016\/#breadcrumb","itemListElement":[{"@type":"ListItem","position":1,"name":"Dom\u016f","item":"https:\/\/www.bosped.cz\/"},{"@type":"ListItem","position":2,"name":"Podporujeme","item":"https:\/\/www.bosped.cz\/podporujeme\/"},{"@type":"ListItem","position":3,"name":"Mongol Rally 2016"}]},{"@type":"WebSite","@id":"https:\/\/www.bosped.cz\/#website","url":"https:\/\/www.bosped.cz\/","name":"BOSPED, spol. s r. o.","description":"My jsme JOLODA.cz!","potentialAction":[{"@type":"SearchAction","target":{"@type":"EntryPoint","urlTemplate":"https:\/\/www.bosped.cz\/?s={search_term_string}"},"query-input":{"@type":"PropertyValueSpecification","valueRequired":true,"valueName":"search_term_string"}}],"inLanguage":"en-US"}]}},"_links":{"self":[{"href":"https:\/\/www.bosped.cz\/en\/wp-json\/wp\/v2\/pages\/2337","targetHints":{"allow":["GET"]}}],"collection":[{"href":"https:\/\/www.bosped.cz\/en\/wp-json\/wp\/v2\/pages"}],"about":[{"href":"https:\/\/www.bosped.cz\/en\/wp-json\/wp\/v2\/types\/page"}],"author":[{"embeddable":true,"href":"https:\/\/www.bosped.cz\/en\/wp-json\/wp\/v2\/users\/4"}],"replies":[{"embeddable":true,"href":"https:\/\/www.bosped.cz\/en\/wp-json\/wp\/v2\/comments?post=2337"}],"version-history":[{"count":1,"href":"https:\/\/www.bosped.cz\/en\/wp-json\/wp\/v2\/pages\/2337\/revisions"}],"predecessor-version":[{"id":2956,"href":"https:\/\/www.bosped.cz\/en\/wp-json\/wp\/v2\/pages\/2337\/revisions\/2956"}],"up":[{"embeddable":true,"href":"https:\/\/www.bosped.cz\/en\/wp-json\/wp\/v2\/pages\/1578"}],"wp:attachment":[{"href":"https:\/\/www.bosped.cz\/en\/wp-json\/wp\/v2\/media?parent=2337"}],"curies":[{"name":"wp","href":"https:\/\/api.w.org\/{rel}","templated":true}]}}