{"id":1687,"date":"2016-03-18T14:35:36","date_gmt":"2016-03-18T13:35:36","guid":{"rendered":"http:\/\/www.bosped.cz\/wp\/?page_id=1687"},"modified":"2022-02-04T17:22:02","modified_gmt":"2022-02-04T16:22:02","slug":"zabezpeceni","status":"publish","type":"page","link":"https:\/\/www.bosped.cz\/en\/bosped\/zabezpeceni\/","title":{"rendered":"Securing the Cargo"},"content":{"rendered":"<div class=\"wpb-content-wrapper\"><p><\/p>\n<p>[vc_row][vc_column width=&#8221;1\/2&#8243;][vc_column_text]<\/p>\n<div class=\"wpb_column col-md-6\"><\/div>\n<section class=\"wpb_row container\"><\/section>\n<p>[\/vc_column_text][vc_single_image image=&#8221;2157&#8243; img_size=&#8221;full&#8221;][vc_empty_space height=&#8221;10px&#8221;][vc_custom_heading text=&#8221;SECURING THE CARGO&#8221; font_container=&#8221;tag:h2|font_size:18|text_align:left&#8221; use_theme_fonts=&#8221;yes&#8221;][vc_empty_space height=&#8221;15px&#8221;][vc_column_text]During transport, it is necessary to adequately secure the cargo against shifting, whether we are transporting rolls of paper upright in a single row, in multiple rows while filling the cargo area or rolls stored horizontally.<\/p>\n<p>The presentation shows the method of securing the cargo using fastening straps with the use of non-slip mats. Compared to standard ratchets, ergo ratchets have greater clamping force of the ratchet and the non-slip mats improve the frictional force between the loaded materials. Ergo ratchets and non-slip mats thus allow securing the cargo with a lower number of straps.[\/vc_column_text][vc_empty_space height=&#8221;10px&#8221;][\/vc_column][vc_column width=&#8221;1\/2&#8243;][vc_empty_space height=&#8221;20px&#8221;][vc_custom_heading text=&#8221;Loading of rolls horizontally&#8221; font_container=&#8221;tag:h2|font_size:18|text_align:left&#8221; use_theme_fonts=&#8221;yes&#8221;][vc_single_image image=&#8221;2187&#8243; img_size=&#8221;full&#8221;][vc_empty_space][vc_custom_heading text=&#8221;Loading of rolls upright in a single row&#8221; font_container=&#8221;tag:h2|font_size:18|text_align:left&#8221; use_theme_fonts=&#8221;yes&#8221;][vc_single_image image=&#8221;2184&#8243; img_size=&#8221;full&#8221;][vc_empty_space][vc_custom_heading text=&#8221;Loading of rolls upright in multiple rows&#8221; font_container=&#8221;tag:h2|font_size:18|text_align:left&#8221; use_theme_fonts=&#8221;yes&#8221; link=&#8221;url:https%3A%2F%2Fwww.bosped.cz%2Fwp-content%2Fuploads%2F2016%2F03%2Froh.jpg&#8221;][vc_single_image image=&#8221;2181&#8243; img_size=&#8221;full&#8221;][vc_empty_space height=&#8221;5px&#8221;][\/vc_column][\/vc_row][vc_column width=&#8221;1\/2&#8243;][\/vc_column][vc_row][vc_column][vc_empty_space height=&#8221;60px&#8221;][\/vc_column][\/vc_row]<\/p>\n<p><\/p>\n<\/div>","protected":false},"excerpt":{"rendered":"<p>[vc_row][vc_column width=&#8221;1\/2&#8243;][vc_column_text] [\/vc_column_text][vc_single_image image=&#8221;2157&#8243; img_size=&#8221;full&#8221;][vc_empty_space height=&#8221;10px&#8221;][vc_custom_heading text=&#8221;SECURING THE CARGO&#8221; font_container=&#8221;tag:h2|font_size:18|text_align:left&#8221; use_theme_fonts=&#8221;yes&#8221;][vc_empty_space height=&#8221;15px&#8221;][vc_column_text]During transport, it is necessary to adequately secure the cargo against shifting, whether we are transporting rolls of paper upright in a single row, in multiple rows while filling&#8230;<\/p>\n","protected":false},"author":4,"featured_media":0,"parent":1695,"menu_order":2,"comment_status":"closed","ping_status":"closed","template":"","meta":{"footnotes":""},"class_list":["post-1687","page","type-page","status-publish","hentry"],"yoast_head":"<!-- This site is optimized with the Yoast SEO plugin v27.5 - https:\/\/yoast.com\/product\/yoast-seo-wordpress\/ -->\n<title>Securing the Cargo - BOSPED, spol. s r. o.<\/title>\n<meta name=\"robots\" content=\"index, follow, max-snippet:-1, max-image-preview:large, max-video-preview:-1\" \/>\n<link rel=\"canonical\" href=\"https:\/\/www.bosped.cz\/bosped\/zabezpeceni\/\" \/>\n<meta property=\"og:locale\" content=\"en_US\" \/>\n<meta property=\"og:type\" content=\"article\" \/>\n<meta property=\"og:title\" content=\"[:cs]Zabezpe\u010den\u00ed n\u00e1kladu[:de]Frachtsicherung[:en]Securing the Cargo[:] - BOSPED, spol. s r. o.\" \/>\n<meta property=\"og:description\" content=\"[vc_row][vc_column width=&#8221;1\/2&#8243;][vc_column_text] [\/vc_column_text][vc_single_image image=&#8221;2157&#8243; img_size=&#8221;full&#8221;][vc_empty_space height=&#8221;10px&#8221;][vc_custom_heading text=&#8221;SECURING THE CARGO&#8221; font_container=&#8221;tag:h2|font_size:18|text_align:left&#8221; use_theme_fonts=&#8221;yes&#8221;][vc_empty_space height=&#8221;15px&#8221;][vc_column_text]During transport, it is necessary to adequately secure the cargo against shifting, whether we are transporting rolls of paper upright in a single row, in multiple rows while filling...\" \/>\n<meta property=\"og:url\" content=\"https:\/\/www.bosped.cz\/bosped\/zabezpeceni\/\" \/>\n<meta property=\"og:site_name\" content=\"BOSPED, spol. s r. o.\" \/>\n<meta property=\"article:modified_time\" content=\"2022-02-04T16:22:02+00:00\" \/>\n<meta name=\"twitter:card\" content=\"summary_large_image\" \/>\n<meta name=\"twitter:label1\" content=\"Est. reading time\" \/>\n\t<meta name=\"twitter:data1\" content=\"5 minutes\" \/>\n<script type=\"application\/ld+json\" class=\"yoast-schema-graph\">{\"@context\":\"https:\\\/\\\/schema.org\",\"@graph\":[{\"@type\":\"WebPage\",\"@id\":\"https:\\\/\\\/www.bosped.cz\\\/bosped\\\/zabezpeceni\\\/\",\"url\":\"https:\\\/\\\/www.bosped.cz\\\/bosped\\\/zabezpeceni\\\/\",\"name\":\"[:cs]Zabezpe\u010den\u00ed n\u00e1kladu[:de]Frachtsicherung[:en]Securing the Cargo[:] - BOSPED, spol. s r. o.\",\"isPartOf\":{\"@id\":\"https:\\\/\\\/www.bosped.cz\\\/#website\"},\"datePublished\":\"2016-03-18T13:35:36+00:00\",\"dateModified\":\"2022-02-04T16:22:02+00:00\",\"breadcrumb\":{\"@id\":\"https:\\\/\\\/www.bosped.cz\\\/bosped\\\/zabezpeceni\\\/#breadcrumb\"},\"inLanguage\":\"en-US\",\"potentialAction\":[{\"@type\":\"ReadAction\",\"target\":[\"https:\\\/\\\/www.bosped.cz\\\/bosped\\\/zabezpeceni\\\/\"]}]},{\"@type\":\"BreadcrumbList\",\"@id\":\"https:\\\/\\\/www.bosped.cz\\\/bosped\\\/zabezpeceni\\\/#breadcrumb\",\"itemListElement\":[{\"@type\":\"ListItem\",\"position\":1,\"name\":\"Dom\u016f\",\"item\":\"https:\\\/\\\/www.bosped.cz\\\/\"},{\"@type\":\"ListItem\",\"position\":2,\"name\":\"O n\u00e1s\",\"item\":\"https:\\\/\\\/www.bosped.cz\\\/bosped\\\/\"},{\"@type\":\"ListItem\",\"position\":3,\"name\":\"Securing the Cargo\"}]},{\"@type\":\"WebSite\",\"@id\":\"https:\\\/\\\/www.bosped.cz\\\/#website\",\"url\":\"https:\\\/\\\/www.bosped.cz\\\/\",\"name\":\"BOSPED, spol. s r. o.\",\"description\":\"My jsme JOLODA.cz!\",\"potentialAction\":[{\"@type\":\"SearchAction\",\"target\":{\"@type\":\"EntryPoint\",\"urlTemplate\":\"https:\\\/\\\/www.bosped.cz\\\/?s={search_term_string}\"},\"query-input\":{\"@type\":\"PropertyValueSpecification\",\"valueRequired\":true,\"valueName\":\"search_term_string\"}}],\"inLanguage\":\"en-US\"}]}<\/script>\n<!-- \/ Yoast SEO plugin. -->","yoast_head_json":{"title":"[:cs]Zabezpe\u010den\u00ed n\u00e1kladu[:de]Frachtsicherung[:en]Securing the Cargo[:] - BOSPED, spol. s r. o.","robots":{"index":"index","follow":"follow","max-snippet":"max-snippet:-1","max-image-preview":"max-image-preview:large","max-video-preview":"max-video-preview:-1"},"canonical":"https:\/\/www.bosped.cz\/bosped\/zabezpeceni\/","og_locale":"en_US","og_type":"article","og_title":"[:cs]Zabezpe\u010den\u00ed n\u00e1kladu[:de]Frachtsicherung[:en]Securing the Cargo[:] - BOSPED, spol. s r. o.","og_description":"[vc_row][vc_column width=&#8221;1\/2&#8243;][vc_column_text] [\/vc_column_text][vc_single_image image=&#8221;2157&#8243; img_size=&#8221;full&#8221;][vc_empty_space height=&#8221;10px&#8221;][vc_custom_heading text=&#8221;SECURING THE CARGO&#8221; font_container=&#8221;tag:h2|font_size:18|text_align:left&#8221; use_theme_fonts=&#8221;yes&#8221;][vc_empty_space height=&#8221;15px&#8221;][vc_column_text]During transport, it is necessary to adequately secure the cargo against shifting, whether we are transporting rolls of paper upright in a single row, in multiple rows while filling...","og_url":"https:\/\/www.bosped.cz\/bosped\/zabezpeceni\/","og_site_name":"BOSPED, spol. s r. o.","article_modified_time":"2022-02-04T16:22:02+00:00","twitter_card":"summary_large_image","twitter_misc":{"Est. reading time":"5 minutes"},"schema":{"@context":"https:\/\/schema.org","@graph":[{"@type":"WebPage","@id":"https:\/\/www.bosped.cz\/bosped\/zabezpeceni\/","url":"https:\/\/www.bosped.cz\/bosped\/zabezpeceni\/","name":"[:cs]Zabezpe\u010den\u00ed n\u00e1kladu[:de]Frachtsicherung[:en]Securing the Cargo[:] - BOSPED, spol. s r. o.","isPartOf":{"@id":"https:\/\/www.bosped.cz\/#website"},"datePublished":"2016-03-18T13:35:36+00:00","dateModified":"2022-02-04T16:22:02+00:00","breadcrumb":{"@id":"https:\/\/www.bosped.cz\/bosped\/zabezpeceni\/#breadcrumb"},"inLanguage":"en-US","potentialAction":[{"@type":"ReadAction","target":["https:\/\/www.bosped.cz\/bosped\/zabezpeceni\/"]}]},{"@type":"BreadcrumbList","@id":"https:\/\/www.bosped.cz\/bosped\/zabezpeceni\/#breadcrumb","itemListElement":[{"@type":"ListItem","position":1,"name":"Dom\u016f","item":"https:\/\/www.bosped.cz\/"},{"@type":"ListItem","position":2,"name":"O n\u00e1s","item":"https:\/\/www.bosped.cz\/bosped\/"},{"@type":"ListItem","position":3,"name":"Securing the Cargo"}]},{"@type":"WebSite","@id":"https:\/\/www.bosped.cz\/#website","url":"https:\/\/www.bosped.cz\/","name":"BOSPED, spol. s r. o.","description":"My jsme JOLODA.cz!","potentialAction":[{"@type":"SearchAction","target":{"@type":"EntryPoint","urlTemplate":"https:\/\/www.bosped.cz\/?s={search_term_string}"},"query-input":{"@type":"PropertyValueSpecification","valueRequired":true,"valueName":"search_term_string"}}],"inLanguage":"en-US"}]}},"_links":{"self":[{"href":"https:\/\/www.bosped.cz\/en\/wp-json\/wp\/v2\/pages\/1687","targetHints":{"allow":["GET"]}}],"collection":[{"href":"https:\/\/www.bosped.cz\/en\/wp-json\/wp\/v2\/pages"}],"about":[{"href":"https:\/\/www.bosped.cz\/en\/wp-json\/wp\/v2\/types\/page"}],"author":[{"embeddable":true,"href":"https:\/\/www.bosped.cz\/en\/wp-json\/wp\/v2\/users\/4"}],"replies":[{"embeddable":true,"href":"https:\/\/www.bosped.cz\/en\/wp-json\/wp\/v2\/comments?post=1687"}],"version-history":[{"count":8,"href":"https:\/\/www.bosped.cz\/en\/wp-json\/wp\/v2\/pages\/1687\/revisions"}],"predecessor-version":[{"id":2939,"href":"https:\/\/www.bosped.cz\/en\/wp-json\/wp\/v2\/pages\/1687\/revisions\/2939"}],"up":[{"embeddable":true,"href":"https:\/\/www.bosped.cz\/en\/wp-json\/wp\/v2\/pages\/1695"}],"wp:attachment":[{"href":"https:\/\/www.bosped.cz\/en\/wp-json\/wp\/v2\/media?parent=1687"}],"curies":[{"name":"wp","href":"https:\/\/api.w.org\/{rel}","templated":true}]}}