{"id":1584,"date":"2016-03-10T12:39:31","date_gmt":"2016-03-10T11:39:31","guid":{"rendered":"http:\/\/www.bosped.cz\/wp\/?page_id=1584"},"modified":"2022-02-04T18:01:50","modified_gmt":"2022-02-04T17:01:50","slug":"trabantem-napric-kontinenty","status":"publish","type":"page","link":"https:\/\/www.bosped.cz\/en\/podporujeme\/trabantem-napric-kontinenty\/","title":{"rendered":"In Trabant across continents"},"content":{"rendered":"<div class=\"wpb-content-wrapper\"><p><\/p>\n<p>[vc_row][vc_column][vc_images_carousel images=&#8221;1368,1371,1370,1369&#8243; img_size=&#8221;full&#8221; onclick=&#8221;link_no&#8221; autoplay=&#8221;yes&#8221;][\/vc_column][\/vc_row][vc_row][vc_column][vc_empty_space height=&#8221;20px&#8221;][\/vc_column][\/vc_row][vc_row][vc_column][vc_column_text]A unique expedition of several of these legendary vehicles and motorcycles across continents that you can follow, for example, here <a href=\"http:\/\/www.transtrabant.cz\">at the website<\/a> or <a href=\"https:\/\/www.facebook.com\/TransTrabant\/\">on Facebook<\/a> or <a href=\"http:\/\/twitter.com\/TransTrabant\">Twitter<\/a>. Indeed, &#8220;travelling is different from behind the wheel of a vehicle from the times when the car was not something ordinary&#8221;.[\/vc_column_text][\/vc_column][\/vc_row][vc_row][vc_column][vc_empty_space height=&#8221;60px&#8221;][\/vc_column][\/vc_row]<\/p>\n<p><\/p>\n<\/div>","protected":false},"excerpt":{"rendered":"<p>[vc_row][vc_column][vc_images_carousel images=&#8221;1368,1371,1370,1369&#8243; img_size=&#8221;full&#8221; onclick=&#8221;link_no&#8221; autoplay=&#8221;yes&#8221;][\/vc_column][\/vc_row][vc_row][vc_column][vc_empty_space height=&#8221;20px&#8221;][\/vc_column][\/vc_row][vc_row][vc_column][vc_column_text]A unique expedition of several of these legendary vehicles and motorcycles across continents that you can follow, for example, here at the website or on Facebook or Twitter. Indeed, &#8220;travelling is different from behind the&#8230;<\/p>\n","protected":false},"author":4,"featured_media":1368,"parent":1578,"menu_order":1,"comment_status":"closed","ping_status":"closed","template":"","meta":{"footnotes":""},"class_list":["post-1584","page","type-page","status-publish","has-post-thumbnail","hentry"],"yoast_head":"<!-- This site is optimized with the Yoast SEO plugin v27.4 - https:\/\/yoast.com\/product\/yoast-seo-wordpress\/ -->\n<title>In Trabant across continents - BOSPED, spol. s r. o.<\/title>\n<meta name=\"robots\" content=\"index, follow, max-snippet:-1, max-image-preview:large, max-video-preview:-1\" \/>\n<link rel=\"canonical\" href=\"https:\/\/www.bosped.cz\/podporujeme\/trabantem-napric-kontinenty\/\" \/>\n<meta property=\"og:locale\" content=\"en_US\" \/>\n<meta property=\"og:type\" content=\"article\" \/>\n<meta property=\"og:title\" content=\"[:cs]Trabantem nap\u0159\u00ed\u010d kontinenty[:de]Mit dem Trabi durch Kontinente[:en]In Trabant across continents[:] - BOSPED, spol. s r. o.\" \/>\n<meta property=\"og:description\" content=\"[vc_row][vc_column][vc_images_carousel images=&#8221;1368,1371,1370,1369&#8243; img_size=&#8221;full&#8221; onclick=&#8221;link_no&#8221; autoplay=&#8221;yes&#8221;][\/vc_column][\/vc_row][vc_row][vc_column][vc_empty_space height=&#8221;20px&#8221;][\/vc_column][\/vc_row][vc_row][vc_column][vc_column_text]A unique expedition of several of these legendary vehicles and motorcycles across continents that you can follow, for example, here at the website or on Facebook or Twitter. Indeed, &#8220;travelling is different from behind the...\" \/>\n<meta property=\"og:url\" content=\"https:\/\/www.bosped.cz\/podporujeme\/trabantem-napric-kontinenty\/\" \/>\n<meta property=\"og:site_name\" content=\"BOSPED, spol. s r. o.\" \/>\n<meta property=\"article:modified_time\" content=\"2022-02-04T17:01:50+00:00\" \/>\n<meta property=\"og:image\" content=\"https:\/\/www.bosped.cz\/wp-content\/uploads\/2015\/11\/podporujeme01_trabantem_napric_kontinenty1.jpg\" \/>\n\t<meta property=\"og:image:width\" content=\"1200\" \/>\n\t<meta property=\"og:image:height\" content=\"600\" \/>\n\t<meta property=\"og:image:type\" content=\"image\/jpeg\" \/>\n<meta name=\"twitter:card\" content=\"summary_large_image\" \/>\n<meta name=\"twitter:label1\" content=\"Est. reading time\" \/>\n\t<meta name=\"twitter:data1\" content=\"2 minutes\" \/>\n<script type=\"application\/ld+json\" class=\"yoast-schema-graph\">{\"@context\":\"https:\\\/\\\/schema.org\",\"@graph\":[{\"@type\":\"WebPage\",\"@id\":\"https:\\\/\\\/www.bosped.cz\\\/podporujeme\\\/trabantem-napric-kontinenty\\\/\",\"url\":\"https:\\\/\\\/www.bosped.cz\\\/podporujeme\\\/trabantem-napric-kontinenty\\\/\",\"name\":\"[:cs]Trabantem nap\u0159\u00ed\u010d kontinenty[:de]Mit dem Trabi durch Kontinente[:en]In Trabant across continents[:] - BOSPED, spol. s r. o.\",\"isPartOf\":{\"@id\":\"https:\\\/\\\/www.bosped.cz\\\/#website\"},\"primaryImageOfPage\":{\"@id\":\"https:\\\/\\\/www.bosped.cz\\\/podporujeme\\\/trabantem-napric-kontinenty\\\/#primaryimage\"},\"image\":{\"@id\":\"https:\\\/\\\/www.bosped.cz\\\/podporujeme\\\/trabantem-napric-kontinenty\\\/#primaryimage\"},\"thumbnailUrl\":\"https:\\\/\\\/www.bosped.cz\\\/wp-content\\\/uploads\\\/2015\\\/11\\\/podporujeme01_trabantem_napric_kontinenty1.jpg\",\"datePublished\":\"2016-03-10T11:39:31+00:00\",\"dateModified\":\"2022-02-04T17:01:50+00:00\",\"breadcrumb\":{\"@id\":\"https:\\\/\\\/www.bosped.cz\\\/podporujeme\\\/trabantem-napric-kontinenty\\\/#breadcrumb\"},\"inLanguage\":\"en-US\",\"potentialAction\":[{\"@type\":\"ReadAction\",\"target\":[\"https:\\\/\\\/www.bosped.cz\\\/podporujeme\\\/trabantem-napric-kontinenty\\\/\"]}]},{\"@type\":\"ImageObject\",\"inLanguage\":\"en-US\",\"@id\":\"https:\\\/\\\/www.bosped.cz\\\/podporujeme\\\/trabantem-napric-kontinenty\\\/#primaryimage\",\"url\":\"https:\\\/\\\/www.bosped.cz\\\/wp-content\\\/uploads\\\/2015\\\/11\\\/podporujeme01_trabantem_napric_kontinenty1.jpg\",\"contentUrl\":\"https:\\\/\\\/www.bosped.cz\\\/wp-content\\\/uploads\\\/2015\\\/11\\\/podporujeme01_trabantem_napric_kontinenty1.jpg\",\"width\":1200,\"height\":600},{\"@type\":\"BreadcrumbList\",\"@id\":\"https:\\\/\\\/www.bosped.cz\\\/podporujeme\\\/trabantem-napric-kontinenty\\\/#breadcrumb\",\"itemListElement\":[{\"@type\":\"ListItem\",\"position\":1,\"name\":\"Dom\u016f\",\"item\":\"https:\\\/\\\/www.bosped.cz\\\/\"},{\"@type\":\"ListItem\",\"position\":2,\"name\":\"Podporujeme\",\"item\":\"https:\\\/\\\/www.bosped.cz\\\/podporujeme\\\/\"},{\"@type\":\"ListItem\",\"position\":3,\"name\":\"Trabantem nap\u0159\u00ed\u010d kontinenty\"}]},{\"@type\":\"WebSite\",\"@id\":\"https:\\\/\\\/www.bosped.cz\\\/#website\",\"url\":\"https:\\\/\\\/www.bosped.cz\\\/\",\"name\":\"BOSPED, spol. s r. o.\",\"description\":\"My jsme JOLODA.cz!\",\"potentialAction\":[{\"@type\":\"SearchAction\",\"target\":{\"@type\":\"EntryPoint\",\"urlTemplate\":\"https:\\\/\\\/www.bosped.cz\\\/?s={search_term_string}\"},\"query-input\":{\"@type\":\"PropertyValueSpecification\",\"valueRequired\":true,\"valueName\":\"search_term_string\"}}],\"inLanguage\":\"en-US\"}]}<\/script>\n<!-- \/ Yoast SEO plugin. -->","yoast_head_json":{"title":"[:cs]Trabantem nap\u0159\u00ed\u010d kontinenty[:de]Mit dem Trabi durch Kontinente[:en]In Trabant across continents[:] - BOSPED, spol. s r. o.","robots":{"index":"index","follow":"follow","max-snippet":"max-snippet:-1","max-image-preview":"max-image-preview:large","max-video-preview":"max-video-preview:-1"},"canonical":"https:\/\/www.bosped.cz\/podporujeme\/trabantem-napric-kontinenty\/","og_locale":"en_US","og_type":"article","og_title":"[:cs]Trabantem nap\u0159\u00ed\u010d kontinenty[:de]Mit dem Trabi durch Kontinente[:en]In Trabant across continents[:] - BOSPED, spol. s r. o.","og_description":"[vc_row][vc_column][vc_images_carousel images=&#8221;1368,1371,1370,1369&#8243; img_size=&#8221;full&#8221; onclick=&#8221;link_no&#8221; autoplay=&#8221;yes&#8221;][\/vc_column][\/vc_row][vc_row][vc_column][vc_empty_space height=&#8221;20px&#8221;][\/vc_column][\/vc_row][vc_row][vc_column][vc_column_text]A unique expedition of several of these legendary vehicles and motorcycles across continents that you can follow, for example, here at the website or on Facebook or Twitter. Indeed, &#8220;travelling is different from behind the...","og_url":"https:\/\/www.bosped.cz\/podporujeme\/trabantem-napric-kontinenty\/","og_site_name":"BOSPED, spol. s r. o.","article_modified_time":"2022-02-04T17:01:50+00:00","og_image":[{"width":1200,"height":600,"url":"https:\/\/www.bosped.cz\/wp-content\/uploads\/2015\/11\/podporujeme01_trabantem_napric_kontinenty1.jpg","type":"image\/jpeg"}],"twitter_card":"summary_large_image","twitter_misc":{"Est. reading time":"2 minutes"},"schema":{"@context":"https:\/\/schema.org","@graph":[{"@type":"WebPage","@id":"https:\/\/www.bosped.cz\/podporujeme\/trabantem-napric-kontinenty\/","url":"https:\/\/www.bosped.cz\/podporujeme\/trabantem-napric-kontinenty\/","name":"[:cs]Trabantem nap\u0159\u00ed\u010d kontinenty[:de]Mit dem Trabi durch Kontinente[:en]In Trabant across continents[:] - BOSPED, spol. s r. o.","isPartOf":{"@id":"https:\/\/www.bosped.cz\/#website"},"primaryImageOfPage":{"@id":"https:\/\/www.bosped.cz\/podporujeme\/trabantem-napric-kontinenty\/#primaryimage"},"image":{"@id":"https:\/\/www.bosped.cz\/podporujeme\/trabantem-napric-kontinenty\/#primaryimage"},"thumbnailUrl":"https:\/\/www.bosped.cz\/wp-content\/uploads\/2015\/11\/podporujeme01_trabantem_napric_kontinenty1.jpg","datePublished":"2016-03-10T11:39:31+00:00","dateModified":"2022-02-04T17:01:50+00:00","breadcrumb":{"@id":"https:\/\/www.bosped.cz\/podporujeme\/trabantem-napric-kontinenty\/#breadcrumb"},"inLanguage":"en-US","potentialAction":[{"@type":"ReadAction","target":["https:\/\/www.bosped.cz\/podporujeme\/trabantem-napric-kontinenty\/"]}]},{"@type":"ImageObject","inLanguage":"en-US","@id":"https:\/\/www.bosped.cz\/podporujeme\/trabantem-napric-kontinenty\/#primaryimage","url":"https:\/\/www.bosped.cz\/wp-content\/uploads\/2015\/11\/podporujeme01_trabantem_napric_kontinenty1.jpg","contentUrl":"https:\/\/www.bosped.cz\/wp-content\/uploads\/2015\/11\/podporujeme01_trabantem_napric_kontinenty1.jpg","width":1200,"height":600},{"@type":"BreadcrumbList","@id":"https:\/\/www.bosped.cz\/podporujeme\/trabantem-napric-kontinenty\/#breadcrumb","itemListElement":[{"@type":"ListItem","position":1,"name":"Dom\u016f","item":"https:\/\/www.bosped.cz\/"},{"@type":"ListItem","position":2,"name":"Podporujeme","item":"https:\/\/www.bosped.cz\/podporujeme\/"},{"@type":"ListItem","position":3,"name":"Trabantem nap\u0159\u00ed\u010d kontinenty"}]},{"@type":"WebSite","@id":"https:\/\/www.bosped.cz\/#website","url":"https:\/\/www.bosped.cz\/","name":"BOSPED, spol. s r. o.","description":"My jsme JOLODA.cz!","potentialAction":[{"@type":"SearchAction","target":{"@type":"EntryPoint","urlTemplate":"https:\/\/www.bosped.cz\/?s={search_term_string}"},"query-input":{"@type":"PropertyValueSpecification","valueRequired":true,"valueName":"search_term_string"}}],"inLanguage":"en-US"}]}},"_links":{"self":[{"href":"https:\/\/www.bosped.cz\/en\/wp-json\/wp\/v2\/pages\/1584","targetHints":{"allow":["GET"]}}],"collection":[{"href":"https:\/\/www.bosped.cz\/en\/wp-json\/wp\/v2\/pages"}],"about":[{"href":"https:\/\/www.bosped.cz\/en\/wp-json\/wp\/v2\/types\/page"}],"author":[{"embeddable":true,"href":"https:\/\/www.bosped.cz\/en\/wp-json\/wp\/v2\/users\/4"}],"replies":[{"embeddable":true,"href":"https:\/\/www.bosped.cz\/en\/wp-json\/wp\/v2\/comments?post=1584"}],"version-history":[{"count":1,"href":"https:\/\/www.bosped.cz\/en\/wp-json\/wp\/v2\/pages\/1584\/revisions"}],"predecessor-version":[{"id":2955,"href":"https:\/\/www.bosped.cz\/en\/wp-json\/wp\/v2\/pages\/1584\/revisions\/2955"}],"up":[{"embeddable":true,"href":"https:\/\/www.bosped.cz\/en\/wp-json\/wp\/v2\/pages\/1578"}],"wp:featuredmedia":[{"embeddable":true,"href":"https:\/\/www.bosped.cz\/en\/wp-json\/wp\/v2\/media\/1368"}],"wp:attachment":[{"href":"https:\/\/www.bosped.cz\/en\/wp-json\/wp\/v2\/media?parent=1584"}],"curies":[{"name":"wp","href":"https:\/\/api.w.org\/{rel}","templated":true}]}}