{"id":1578,"date":"2016-03-10T12:34:24","date_gmt":"2016-03-10T11:34:24","guid":{"rendered":"http:\/\/www.bosped.cz\/wp\/?page_id=1578"},"modified":"2022-02-04T17:58:06","modified_gmt":"2022-02-04T16:58:06","slug":"podporujeme","status":"publish","type":"page","link":"https:\/\/www.bosped.cz\/en\/podporujeme\/","title":{"rendered":"We support"},"content":{"rendered":"<div class=\"wpb-content-wrapper\"><p>[vc_row][vc_column width=&#8221;1\/3&#8243;][vc_single_image image=&#8221;1406&#8243; img_size=&#8221;full&#8221;][vc_custom_heading text=&#8221;Beleuchten Sie mit uns Prag!&#8221; font_container=&#8221;tag:h2|font_size:18|text_align:left&#8221; use_theme_fonts=&#8221;yes&#8221;][vc_column_text]<\/p>\n<p class=\"p1\"><span class=\"s1\">Since 2007, the City Radio has been lighting Prague before Christmas within its charity project when it &#8220;borrows&#8221; the traditional Christmas tree in the Old Town Square with its light bulbs with the consent of the Capital of Prague. Every donor can then symbolically &#8220;sponsor&#8221; their light bulb and through the light bulb selected charity foundations\u2026<\/span><\/p>\n<p><a id=\"custom-id-0\" class=\"btn btn-sm style-4\" href=\"https:\/\/www.bosped.cz\/de\/podporujeme\/rozsvitte-s-nami-prahu\/\" target=\"_self\" rel=\"noopener\">READ MORE<\/a>[\/vc_column_text][vc_empty_space height=&#8221;30px&#8221;][\/vc_column][vc_column width=&#8221;1\/3&#8243;][vc_single_image image=&#8221;1368&#8243; img_size=&#8221;full&#8221;][vc_custom_heading text=&#8221;Mit dem Trabi durch Kontinente&#8221; font_container=&#8221;tag:h2|font_size:18|text_align:left&#8221; use_theme_fonts=&#8221;yes&#8221;][vc_column_text]<\/p>\n<p class=\"p1\"><span class=\"s1\">A unique expedition of several of these legendary vehicles and motorcycles across continents that you can follow, for example, here <a href=\"http:\/\/www.transtrabant.cz\/\"><span class=\"s2\">at the website<\/span><\/a> or <a href=\"https:\/\/www.facebook.com\/TransTrabant\/\"><span class=\"s2\">on Facebook<\/span><\/a> or <a href=\"http:\/\/twitter.com\/TransTrabant\"><span class=\"s2\"> on Twitter<\/span><\/a>. Indeed, &#8220;travelling is different from behind the wheel of a vehicle from the times when the car was not something ordinary&#8221;.<\/span><\/p>\n<p><a id=\"custom-id-0\" class=\"btn btn-sm style-4\" href=\"https:\/\/www.bosped.cz\/de\/podporujeme\/trabantem-napric-kontinenty\/\" target=\"_self\" rel=\"noopener\">READ MORE<\/a>[\/vc_column_text][vc_empty_space height=&#8221;30px&#8221;][\/vc_column][vc_column width=&#8221;1\/3&#8243;][vc_single_image image=&#8221;1404&#8243; img_size=&#8221;full&#8221;][vc_custom_heading text=&#8221;B\u00fcrgervereinigung DEBRA \u010cR&#8221; font_container=&#8221;tag:h2|font_size:18|text_align:left&#8221; use_theme_fonts=&#8221;yes&#8221;][vc_column_text]<\/p>\n<p class=\"p1\"><span class=\"s1\">We support the association DEBRA \u010cR that helps so-called butterfly children. We have supported, for example, their charitable awareness campaign<br \/>\n<a href=\"http:\/\/12plus12.cz\/cs\/uvod\/\"><span class=\"s2\">\u201e12 plus 12\u201c<\/span><\/a> or <span class=\"s2\"><a href=\"https:\/\/www.facebook.com\/media\/set\/?set=a.904598916236151.1073741840.119409648088419&amp;type=3\">&#8220;Rehabilitation Stay in Vojt\u011bchov 2014&#8221;<\/a>\u2026<\/span><\/span><\/p>\n<p><a id=\"custom-id-0\" class=\"btn btn-sm style-4\" href=\"https:\/\/www.bosped.cz\/de\/podporujeme\/o-s-debra-cr\/\" target=\"_self\" rel=\"noopener\">READ MORE<\/a>[\/vc_column_text][vc_empty_space height=&#8221;30px&#8221;][\/vc_column][\/vc_row][vc_row][vc_column width=&#8221;1\/3&#8243;][vc_single_image image=&#8221;2359&#8243; img_size=&#8221;full&#8221;][vc_custom_heading text=&#8221;Mongol Rally 2016&#8243; font_container=&#8221;tag:h2|font_size:18|text_align:left&#8221; use_theme_fonts=&#8221;yes&#8221;][vc_column_text]<\/p>\n<p class=\"p1\"><span class=\"s1\">Expedition Czech crew (consisting of Ond\u0159ej Koz\u00e1k, Luk\u00e1\u0161 Kupec and Michal Star\u00fd) traveling liter Hyundai Getz 17,000 kilometers to the finish in Ulan-Ude in the &#8220;rally&#8221;, which is not about to finish first, but mainly ride, to raise money for charity, and especially how the organizers themselves say: &#8220;Fighting to make the world less boring&#8221;.<\/span><\/p>\n<p><a id=\"custom-id-0\" class=\"btn btn-sm style-4\" href=\"https:\/\/www.bosped.cz\/de\/podporujeme\/mongol-rally-2016\/\" target=\"_self\" rel=\"noopener\">READ MORE<\/a>[\/vc_column_text][vc_empty_space height=&#8221;30px&#8221;][\/vc_column][\/vc_row][vc_row][vc_column][vc_empty_space height=&#8221;60px&#8221;][\/vc_column][\/vc_row]<\/p>\n<\/div>","protected":false},"excerpt":{"rendered":"<p>[vc_row][vc_column width=&#8221;1\/3&#8243;][vc_single_image image=&#8221;1406&#8243; img_size=&#8221;full&#8221;][vc_custom_heading text=&#8221;Beleuchten Sie mit uns Prag!&#8221; font_container=&#8221;tag:h2|font_size:18|text_align:left&#8221; use_theme_fonts=&#8221;yes&#8221;][vc_column_text] Since 2007, the City Radio has been lighting Prague before Christmas within its charity project when it &#8220;borrows&#8221; the traditional Christmas tree in the Old Town Square with its&#8230;<\/p>\n","protected":false},"author":4,"featured_media":0,"parent":0,"menu_order":6,"comment_status":"closed","ping_status":"closed","template":"","meta":{"footnotes":""},"class_list":["post-1578","page","type-page","status-publish","hentry"],"yoast_head":"<!-- This site is optimized with the Yoast SEO plugin v27.5 - https:\/\/yoast.com\/product\/yoast-seo-wordpress\/ -->\n<title>We support - BOSPED, spol. s r. o.<\/title>\n<meta name=\"robots\" content=\"index, follow, max-snippet:-1, max-image-preview:large, max-video-preview:-1\" \/>\n<link rel=\"canonical\" href=\"https:\/\/www.bosped.cz\/podporujeme\/\" \/>\n<meta property=\"og:locale\" content=\"en_US\" \/>\n<meta property=\"og:type\" content=\"article\" \/>\n<meta property=\"og:title\" content=\"[:cs]Podporujeme[:de]Wir unterst\u00fctzen[:en]We support[:] - BOSPED, spol. s r. o.\" \/>\n<meta property=\"og:description\" content=\"[vc_row][vc_column width=&#8221;1\/3&#8243;][vc_single_image image=&#8221;1406&#8243; img_size=&#8221;full&#8221;][vc_custom_heading text=&#8221;Beleuchten Sie mit uns Prag!&#8221; font_container=&#8221;tag:h2|font_size:18|text_align:left&#8221; use_theme_fonts=&#8221;yes&#8221;][vc_column_text] Since 2007, the City Radio has been lighting Prague before Christmas within its charity project when it &#8220;borrows&#8221; the traditional Christmas tree in the Old Town Square with its...\" \/>\n<meta property=\"og:url\" content=\"https:\/\/www.bosped.cz\/podporujeme\/\" \/>\n<meta property=\"og:site_name\" content=\"BOSPED, spol. s r. o.\" \/>\n<meta property=\"article:modified_time\" content=\"2022-02-04T16:58:06+00:00\" \/>\n<meta name=\"twitter:card\" content=\"summary_large_image\" \/>\n<meta name=\"twitter:label1\" content=\"Est. reading time\" \/>\n\t<meta name=\"twitter:data1\" content=\"6 minutes\" \/>\n<script type=\"application\/ld+json\" class=\"yoast-schema-graph\">{\"@context\":\"https:\\\/\\\/schema.org\",\"@graph\":[{\"@type\":\"WebPage\",\"@id\":\"https:\\\/\\\/www.bosped.cz\\\/podporujeme\\\/\",\"url\":\"https:\\\/\\\/www.bosped.cz\\\/podporujeme\\\/\",\"name\":\"[:cs]Podporujeme[:de]Wir unterst\u00fctzen[:en]We support[:] - BOSPED, spol. s r. o.\",\"isPartOf\":{\"@id\":\"https:\\\/\\\/www.bosped.cz\\\/#website\"},\"datePublished\":\"2016-03-10T11:34:24+00:00\",\"dateModified\":\"2022-02-04T16:58:06+00:00\",\"breadcrumb\":{\"@id\":\"https:\\\/\\\/www.bosped.cz\\\/podporujeme\\\/#breadcrumb\"},\"inLanguage\":\"en-US\",\"potentialAction\":[{\"@type\":\"ReadAction\",\"target\":[\"https:\\\/\\\/www.bosped.cz\\\/podporujeme\\\/\"]}]},{\"@type\":\"BreadcrumbList\",\"@id\":\"https:\\\/\\\/www.bosped.cz\\\/podporujeme\\\/#breadcrumb\",\"itemListElement\":[{\"@type\":\"ListItem\",\"position\":1,\"name\":\"Dom\u016f\",\"item\":\"https:\\\/\\\/www.bosped.cz\\\/\"},{\"@type\":\"ListItem\",\"position\":2,\"name\":\"Podporujeme\"}]},{\"@type\":\"WebSite\",\"@id\":\"https:\\\/\\\/www.bosped.cz\\\/#website\",\"url\":\"https:\\\/\\\/www.bosped.cz\\\/\",\"name\":\"BOSPED, spol. s r. o.\",\"description\":\"My jsme JOLODA.cz!\",\"potentialAction\":[{\"@type\":\"SearchAction\",\"target\":{\"@type\":\"EntryPoint\",\"urlTemplate\":\"https:\\\/\\\/www.bosped.cz\\\/?s={search_term_string}\"},\"query-input\":{\"@type\":\"PropertyValueSpecification\",\"valueRequired\":true,\"valueName\":\"search_term_string\"}}],\"inLanguage\":\"en-US\"}]}<\/script>\n<!-- \/ Yoast SEO plugin. -->","yoast_head_json":{"title":"[:cs]Podporujeme[:de]Wir unterst\u00fctzen[:en]We support[:] - BOSPED, spol. s r. o.","robots":{"index":"index","follow":"follow","max-snippet":"max-snippet:-1","max-image-preview":"max-image-preview:large","max-video-preview":"max-video-preview:-1"},"canonical":"https:\/\/www.bosped.cz\/podporujeme\/","og_locale":"en_US","og_type":"article","og_title":"[:cs]Podporujeme[:de]Wir unterst\u00fctzen[:en]We support[:] - BOSPED, spol. s r. o.","og_description":"[vc_row][vc_column width=&#8221;1\/3&#8243;][vc_single_image image=&#8221;1406&#8243; img_size=&#8221;full&#8221;][vc_custom_heading text=&#8221;Beleuchten Sie mit uns Prag!&#8221; font_container=&#8221;tag:h2|font_size:18|text_align:left&#8221; use_theme_fonts=&#8221;yes&#8221;][vc_column_text] Since 2007, the City Radio has been lighting Prague before Christmas within its charity project when it &#8220;borrows&#8221; the traditional Christmas tree in the Old Town Square with its...","og_url":"https:\/\/www.bosped.cz\/podporujeme\/","og_site_name":"BOSPED, spol. s r. o.","article_modified_time":"2022-02-04T16:58:06+00:00","twitter_card":"summary_large_image","twitter_misc":{"Est. reading time":"6 minutes"},"schema":{"@context":"https:\/\/schema.org","@graph":[{"@type":"WebPage","@id":"https:\/\/www.bosped.cz\/podporujeme\/","url":"https:\/\/www.bosped.cz\/podporujeme\/","name":"[:cs]Podporujeme[:de]Wir unterst\u00fctzen[:en]We support[:] - BOSPED, spol. s r. o.","isPartOf":{"@id":"https:\/\/www.bosped.cz\/#website"},"datePublished":"2016-03-10T11:34:24+00:00","dateModified":"2022-02-04T16:58:06+00:00","breadcrumb":{"@id":"https:\/\/www.bosped.cz\/podporujeme\/#breadcrumb"},"inLanguage":"en-US","potentialAction":[{"@type":"ReadAction","target":["https:\/\/www.bosped.cz\/podporujeme\/"]}]},{"@type":"BreadcrumbList","@id":"https:\/\/www.bosped.cz\/podporujeme\/#breadcrumb","itemListElement":[{"@type":"ListItem","position":1,"name":"Dom\u016f","item":"https:\/\/www.bosped.cz\/"},{"@type":"ListItem","position":2,"name":"Podporujeme"}]},{"@type":"WebSite","@id":"https:\/\/www.bosped.cz\/#website","url":"https:\/\/www.bosped.cz\/","name":"BOSPED, spol. s r. o.","description":"My jsme JOLODA.cz!","potentialAction":[{"@type":"SearchAction","target":{"@type":"EntryPoint","urlTemplate":"https:\/\/www.bosped.cz\/?s={search_term_string}"},"query-input":{"@type":"PropertyValueSpecification","valueRequired":true,"valueName":"search_term_string"}}],"inLanguage":"en-US"}]}},"_links":{"self":[{"href":"https:\/\/www.bosped.cz\/en\/wp-json\/wp\/v2\/pages\/1578","targetHints":{"allow":["GET"]}}],"collection":[{"href":"https:\/\/www.bosped.cz\/en\/wp-json\/wp\/v2\/pages"}],"about":[{"href":"https:\/\/www.bosped.cz\/en\/wp-json\/wp\/v2\/types\/page"}],"author":[{"embeddable":true,"href":"https:\/\/www.bosped.cz\/en\/wp-json\/wp\/v2\/users\/4"}],"replies":[{"embeddable":true,"href":"https:\/\/www.bosped.cz\/en\/wp-json\/wp\/v2\/comments?post=1578"}],"version-history":[{"count":4,"href":"https:\/\/www.bosped.cz\/en\/wp-json\/wp\/v2\/pages\/1578\/revisions"}],"predecessor-version":[{"id":2952,"href":"https:\/\/www.bosped.cz\/en\/wp-json\/wp\/v2\/pages\/1578\/revisions\/2952"}],"wp:attachment":[{"href":"https:\/\/www.bosped.cz\/en\/wp-json\/wp\/v2\/media?parent=1578"}],"curies":[{"name":"wp","href":"https:\/\/api.w.org\/{rel}","templated":true}]}}