{"id":9,"date":"2014-11-11T11:13:51","date_gmt":"2014-11-11T10:13:51","guid":{"rendered":"http:\/\/anpsthemes.com\/constructo\/?page_id=9"},"modified":"2022-02-04T15:34:04","modified_gmt":"2022-02-04T14:34:04","slug":"sluzby","status":"publish","type":"page","link":"https:\/\/www.bosped.cz\/de\/sluzby\/","title":{"rendered":"Dienstleistungen"},"content":{"rendered":"<div class=\"wpb-content-wrapper\"><p>[vc_row][vc_column width=&#8220;1\/3&#8243;][vc_single_image image=&#8220;1956&#8243; img_size=&#8220;full&#8220;][vc_custom_heading text=&#8220;SPEDITION&#8220; font_container=&#8220;tag:h2|font_size:18|text_align:left&#8220; use_theme_fonts=&#8220;yes&#8220; css=&#8220;.vc_custom_1643984991820{padding-bottom: 15px !important;}&#8220;][vc_column_text]M\u00f6chten Sie eine Sendung transportieren lassen? Haben Sie spezielle Anforderungen an den Transport mit Aufliegern mit Joloda-System? Suchen Sie eine bessere Auslastung f\u00fcr Ihren Lkw? Suchen Sie eine regelm\u00e4\u00dfige Besch\u00e4ftigung Ihrer Fahrzeuge?<\/p>\n<p><a id=\"custom-id-0\" class=\"btn btn-sm style-4\" href=\"https:\/\/www.bosped.cz\/sluzby\/spedice\/\" target=\"_self\" rel=\"noopener\">WEITERLESEN<\/a>[\/vc_column_text][vc_empty_space height=&#8220;30px&#8220;][\/vc_column][vc_column width=&#8220;1\/3&#8243;][vc_single_image image=&#8220;1978&#8243; img_size=&#8220;full&#8220;][vc_custom_heading text=&#8220;TRANSPORT&#8220; font_container=&#8220;tag:h2|font_size:18|text_align:left&#8220; use_theme_fonts=&#8220;yes&#8220; css=&#8220;.vc_custom_1643985016260{padding-bottom: 15px !important;}&#8220;][vc_column_text]F\u00fcr unsere Vertragspartner gew\u00e4hrleisten wir die vereinbarten Transportvolumina unter Verwendung unserer Flotte von eigenen Aufliegern mit Joloda-System und mit Hilfe unserer vertraglichen Transporteure.<\/p>\n<p><a id=\"custom-id-0\" class=\"btn btn-sm style-4\" href=\"https:\/\/www.bosped.cz\/sluzby\/doprava\/\" target=\"_self\" rel=\"noopener\">WEITERLESEN<\/a>[\/vc_column_text][vc_empty_space height=&#8220;30px&#8220;][\/vc_column][vc_column width=&#8220;1\/3&#8243;][vc_single_image image=&#8220;2206&#8243; img_size=&#8220;full&#8220;][vc_custom_heading text=&#8220;LOGISTIK&#8220; font_container=&#8220;tag:h2|font_size:18|text_align:left&#8220; use_theme_fonts=&#8220;yes&#8220; css=&#8220;.vc_custom_1643985024363{padding-bottom: 15px !important;}&#8220;][vc_column_text]Mit unserer Spezialisierung auf den Transport mit Aufliegern mit Joloda-System gew\u00e4hrleisten wir auch weiteren logistischen Transportservice wie die Umladung von Joloda \/ nach Joloda, Lagerung und Weiteres.<\/p>\n<p><a id=\"custom-id-0\" class=\"btn btn-sm style-4\" href=\"https:\/\/www.bosped.cz\/sluzby\/logistika\/\" target=\"_self\" rel=\"noopener\">WEITERLESEN<\/a>[\/vc_column_text][vc_empty_space height=&#8220;30px&#8220;][\/vc_column][\/vc_row][vc_row][vc_column width=&#8220;1\/3&#8243;][vc_single_image image=&#8220;2024&#8243; img_size=&#8220;full&#8220;][vc_custom_heading text=&#8220;JOLODA&#8220; font_container=&#8220;tag:h2|font_size:18|text_align:left&#8220; use_theme_fonts=&#8220;yes&#8220; css=&#8220;.vc_custom_1643985009117{padding-bottom: 15px !important;}&#8220;][vc_column_text]Welche Vorteile bieten unsere spezialisierten Joloda-Auflieger und f\u00fcr welche Transporttypen sind diese Auflieger geeignet?<\/p>\n<p><a id=\"custom-id-0\" class=\"btn btn-sm style-4\" href=\"https:\/\/www.bosped.cz\/sluzby\/joloda\/\" target=\"_self\" rel=\"noopener\">WEITERLESEN<\/a>[\/vc_column_text][vc_empty_space height=&#8220;30px&#8220;][\/vc_column][\/vc_row][vc_row][vc_column][vc_empty_space height=&#8220;60&#8243;][\/vc_column][\/vc_row]<\/p>\n<\/div>","protected":false},"excerpt":{"rendered":"<p>[vc_row][vc_column width=&#8220;1\/3&#8243;][vc_single_image image=&#8220;1956&#8243; img_size=&#8220;full&#8220;][vc_custom_heading text=&#8220;SPEDITION&#8220; font_container=&#8220;tag:h2|font_size:18|text_align:left&#8220; use_theme_fonts=&#8220;yes&#8220; css=&#8220;.vc_custom_1643984991820{padding-bottom: 15px !important;}&#8220;][vc_column_text]M\u00f6chten Sie eine Sendung transportieren lassen? Haben Sie spezielle Anforderungen an den Transport mit Aufliegern mit Joloda-System? Suchen Sie eine bessere Auslastung f\u00fcr Ihren Lkw? Suchen Sie eine regelm\u00e4\u00dfige Besch\u00e4ftigung Ihrer&#8230;<\/p>\n","protected":false},"author":4,"featured_media":0,"parent":0,"menu_order":2,"comment_status":"closed","ping_status":"closed","template":"","meta":{"footnotes":""},"class_list":["post-9","page","type-page","status-publish","hentry"],"yoast_head":"<!-- This site is optimized with the Yoast SEO plugin v27.6 - https:\/\/yoast.com\/product\/yoast-seo-wordpress\/ -->\n<title>Dienstleistungen - BOSPED, spol. s r. o.<\/title>\n<meta name=\"robots\" content=\"index, follow, max-snippet:-1, max-image-preview:large, max-video-preview:-1\" \/>\n<link rel=\"canonical\" href=\"https:\/\/www.bosped.cz\/de\/sluzby\/\" \/>\n<meta property=\"og:locale\" content=\"de_DE\" \/>\n<meta property=\"og:type\" content=\"article\" \/>\n<meta property=\"og:title\" content=\"[:cs]Slu\u017eby[:de]Dienstleistungen[:en]Services[:] - BOSPED, spol. s r. o.\" \/>\n<meta property=\"og:description\" content=\"[vc_row][vc_column width=&#8220;1\/3&#8243;][vc_single_image image=&#8220;1956&#8243; img_size=&#8220;full&#8220;][vc_custom_heading text=&#8220;SPEDITION&#8220; font_container=&#8220;tag:h2|font_size:18|text_align:left&#8220; use_theme_fonts=&#8220;yes&#8220; css=&#8220;.vc_custom_1643984991820{padding-bottom: 15px !important;}&#8220;][vc_column_text]M\u00f6chten Sie eine Sendung transportieren lassen? Haben Sie spezielle Anforderungen an den Transport mit Aufliegern mit Joloda-System? Suchen Sie eine bessere Auslastung f\u00fcr Ihren Lkw? Suchen Sie eine regelm\u00e4\u00dfige Besch\u00e4ftigung Ihrer...\" \/>\n<meta property=\"og:url\" content=\"https:\/\/www.bosped.cz\/de\/sluzby\/\" \/>\n<meta property=\"og:site_name\" content=\"BOSPED, spol. s r. o.\" \/>\n<meta property=\"article:modified_time\" content=\"2022-02-04T14:34:04+00:00\" \/>\n<meta name=\"twitter:card\" content=\"summary_large_image\" \/>\n<meta name=\"twitter:label1\" content=\"Gesch\u00e4tzte Lesezeit\" \/>\n\t<meta name=\"twitter:data1\" content=\"5\u00a0Minuten\" \/>\n<script type=\"application\/ld+json\" class=\"yoast-schema-graph\">{\"@context\":\"https:\\\/\\\/schema.org\",\"@graph\":[{\"@type\":\"WebPage\",\"@id\":\"https:\\\/\\\/www.bosped.cz\\\/de\\\/sluzby\\\/\",\"url\":\"https:\\\/\\\/www.bosped.cz\\\/de\\\/sluzby\\\/\",\"name\":\"[:cs]Slu\u017eby[:de]Dienstleistungen[:en]Services[:] - BOSPED, spol. s r. o.\",\"isPartOf\":{\"@id\":\"https:\\\/\\\/www.bosped.cz\\\/#website\"},\"datePublished\":\"2014-11-11T10:13:51+00:00\",\"dateModified\":\"2022-02-04T14:34:04+00:00\",\"breadcrumb\":{\"@id\":\"https:\\\/\\\/www.bosped.cz\\\/de\\\/sluzby\\\/#breadcrumb\"},\"inLanguage\":\"de\",\"potentialAction\":[{\"@type\":\"ReadAction\",\"target\":[\"https:\\\/\\\/www.bosped.cz\\\/de\\\/sluzby\\\/\"]}]},{\"@type\":\"BreadcrumbList\",\"@id\":\"https:\\\/\\\/www.bosped.cz\\\/de\\\/sluzby\\\/#breadcrumb\",\"itemListElement\":[{\"@type\":\"ListItem\",\"position\":1,\"name\":\"Dom\u016f\",\"item\":\"https:\\\/\\\/www.bosped.cz\\\/\"},{\"@type\":\"ListItem\",\"position\":2,\"name\":\"Dienstleistungen\"}]},{\"@type\":\"WebSite\",\"@id\":\"https:\\\/\\\/www.bosped.cz\\\/#website\",\"url\":\"https:\\\/\\\/www.bosped.cz\\\/\",\"name\":\"BOSPED, spol. s r. o.\",\"description\":\"My jsme JOLODA.cz!\",\"potentialAction\":[{\"@type\":\"SearchAction\",\"target\":{\"@type\":\"EntryPoint\",\"urlTemplate\":\"https:\\\/\\\/www.bosped.cz\\\/?s={search_term_string}\"},\"query-input\":{\"@type\":\"PropertyValueSpecification\",\"valueRequired\":true,\"valueName\":\"search_term_string\"}}],\"inLanguage\":\"de\"}]}<\/script>\n<!-- \/ Yoast SEO plugin. -->","yoast_head_json":{"title":"[:cs]Slu\u017eby[:de]Dienstleistungen[:en]Services[:] - BOSPED, spol. s r. o.","robots":{"index":"index","follow":"follow","max-snippet":"max-snippet:-1","max-image-preview":"max-image-preview:large","max-video-preview":"max-video-preview:-1"},"canonical":"https:\/\/www.bosped.cz\/de\/sluzby\/","og_locale":"de_DE","og_type":"article","og_title":"[:cs]Slu\u017eby[:de]Dienstleistungen[:en]Services[:] - BOSPED, spol. s r. o.","og_description":"[vc_row][vc_column width=&#8220;1\/3&#8243;][vc_single_image image=&#8220;1956&#8243; img_size=&#8220;full&#8220;][vc_custom_heading text=&#8220;SPEDITION&#8220; font_container=&#8220;tag:h2|font_size:18|text_align:left&#8220; use_theme_fonts=&#8220;yes&#8220; css=&#8220;.vc_custom_1643984991820{padding-bottom: 15px !important;}&#8220;][vc_column_text]M\u00f6chten Sie eine Sendung transportieren lassen? Haben Sie spezielle Anforderungen an den Transport mit Aufliegern mit Joloda-System? Suchen Sie eine bessere Auslastung f\u00fcr Ihren Lkw? Suchen Sie eine regelm\u00e4\u00dfige Besch\u00e4ftigung Ihrer...","og_url":"https:\/\/www.bosped.cz\/de\/sluzby\/","og_site_name":"BOSPED, spol. s r. o.","article_modified_time":"2022-02-04T14:34:04+00:00","twitter_card":"summary_large_image","twitter_misc":{"Gesch\u00e4tzte Lesezeit":"5\u00a0Minuten"},"schema":{"@context":"https:\/\/schema.org","@graph":[{"@type":"WebPage","@id":"https:\/\/www.bosped.cz\/de\/sluzby\/","url":"https:\/\/www.bosped.cz\/de\/sluzby\/","name":"[:cs]Slu\u017eby[:de]Dienstleistungen[:en]Services[:] - BOSPED, spol. s r. o.","isPartOf":{"@id":"https:\/\/www.bosped.cz\/#website"},"datePublished":"2014-11-11T10:13:51+00:00","dateModified":"2022-02-04T14:34:04+00:00","breadcrumb":{"@id":"https:\/\/www.bosped.cz\/de\/sluzby\/#breadcrumb"},"inLanguage":"de","potentialAction":[{"@type":"ReadAction","target":["https:\/\/www.bosped.cz\/de\/sluzby\/"]}]},{"@type":"BreadcrumbList","@id":"https:\/\/www.bosped.cz\/de\/sluzby\/#breadcrumb","itemListElement":[{"@type":"ListItem","position":1,"name":"Dom\u016f","item":"https:\/\/www.bosped.cz\/"},{"@type":"ListItem","position":2,"name":"Dienstleistungen"}]},{"@type":"WebSite","@id":"https:\/\/www.bosped.cz\/#website","url":"https:\/\/www.bosped.cz\/","name":"BOSPED, spol. s r. o.","description":"My jsme JOLODA.cz!","potentialAction":[{"@type":"SearchAction","target":{"@type":"EntryPoint","urlTemplate":"https:\/\/www.bosped.cz\/?s={search_term_string}"},"query-input":{"@type":"PropertyValueSpecification","valueRequired":true,"valueName":"search_term_string"}}],"inLanguage":"de"}]}},"_links":{"self":[{"href":"https:\/\/www.bosped.cz\/de\/wp-json\/wp\/v2\/pages\/9","targetHints":{"allow":["GET"]}}],"collection":[{"href":"https:\/\/www.bosped.cz\/de\/wp-json\/wp\/v2\/pages"}],"about":[{"href":"https:\/\/www.bosped.cz\/de\/wp-json\/wp\/v2\/types\/page"}],"author":[{"embeddable":true,"href":"https:\/\/www.bosped.cz\/de\/wp-json\/wp\/v2\/users\/4"}],"replies":[{"embeddable":true,"href":"https:\/\/www.bosped.cz\/de\/wp-json\/wp\/v2\/comments?post=9"}],"version-history":[{"count":7,"href":"https:\/\/www.bosped.cz\/de\/wp-json\/wp\/v2\/pages\/9\/revisions"}],"predecessor-version":[{"id":2906,"href":"https:\/\/www.bosped.cz\/de\/wp-json\/wp\/v2\/pages\/9\/revisions\/2906"}],"wp:attachment":[{"href":"https:\/\/www.bosped.cz\/de\/wp-json\/wp\/v2\/media?parent=9"}],"curies":[{"name":"wp","href":"https:\/\/api.w.org\/{rel}","templated":true}]}}