{"id":3274,"date":"2025-10-21T12:18:36","date_gmt":"2025-10-21T10:18:36","guid":{"rendered":"https:\/\/www.bosped.cz\/?page_id=3274"},"modified":"2025-10-22T19:08:44","modified_gmt":"2025-10-22T17:08:44","slug":"invoices","status":"publish","type":"page","link":"https:\/\/www.bosped.cz\/de\/invoices\/","title":{"rendered":"Bedingungen f\u00fcr die E-Rechnungsstellung"},"content":{"rendered":"<div class=\"wpb-content-wrapper\"><p><\/p>\n<p>[vc_row][vc_column width=&#8220;1\/2&#8243;][vc_column_text]<\/p>\n<div class=\"wpb_column col-md-6\"><\/div>\n<section class=\"wpb_row container\"><\/section>\n<p>[\/vc_column_text][vc_single_image image=&#8220;3277&#8243; img_size=&#8220;full&#8220; css=&#8220;&#8220;][\/vc_column][vc_column width=&#8220;1\/2&#8243;][vc_empty_space height=&#8220;20px&#8220;][vc_custom_heading text=&#8220;Beispiel f\u00fcr eine unzul\u00e4ssige Rechnungsstellung&#8220; font_container=&#8220;tag:h2|font_size:18|text_align:left&#8220; use_theme_fonts=&#8220;yes&#8220; css=&#8220;&#8220; link=&#8220;url:https%3A%2F%2Fwww.bosped.cz%2Fwp-content%2Fuploads%2F2016%2F03%2Froh.jpg&#8220;][vc_gallery type=&#8220;image_grid&#8220; images=&#8220;3280,3279,3278&#8243; css=&#8220;&#8220;][vc_empty_space][vc_custom_heading text=&#8220;Geeignet f\u00fcr E-Rechnungen&#8220; font_container=&#8220;tag:h2|font_size:18|text_align:left&#8220; use_theme_fonts=&#8220;yes&#8220; css=&#8220;&#8220; link=&#8220;url:https%3A%2F%2Fwww.bosped.cz%2Fwp-content%2Fuploads%2F2016%2F03%2Froh.jpg&#8220;][vc_gallery type=&#8220;image_grid&#8220; images=&#8220;3334&#8243; css=&#8220;&#8220;][vc_empty_space][\/vc_column][\/vc_row][vc_row][vc_column][vc_custom_heading text=&#8220;BEDINGUNGEN F\u00dcR DIE AKZEPTANZ DER ELEKTRONISCHEN RECHNUNGSSTELLUNG (E-RECHNUNG)&#8220; font_container=&#8220;tag:h2|font_size:18|text_align:left&#8220; use_theme_fonts=&#8220;yes&#8220; css=&#8220;&#8220;][vc_column_text]Diese Bedingungen gelten, wenn die elektronische Rechnungsstellung <b>vorab schriftlich<\/b> von der Firma BOSPED, spol. s r.o. genehmigt wurde. Die Nichteinhaltung der unten aufgef\u00fchrten Punkte f\u00fchrt zur Nichtakzeptanz der E-Rechnung und zur Notwendigkeit, die Originale per Post zu versenden.<\/p>\n<h3>I. Formale Anforderungen f\u00fcr den Versand<\/h3>\n<p><b>Ziel-E-Mail-Adresse:<\/b> Der Versand muss ausschlie\u00dflich an folgende Adresse erfolgen: <b>invoices@bosped.cz<\/b>.<\/p>\n<p><b>Betreff der E-Mail:<\/b> Das Format muss strikt eingehalten werden: <b>&#8222;Ihre Rechnungsnummer \/ Bestellnummer 36-xxxx&#8220;<\/b> (z. B. 20250013 \/ 36-xxxx).<\/p>\n<h3>II. Anforderungen an Anh\u00e4nge und Format<\/h3>\n<ol>\n<li><b>Separate Anh\u00e4nge:<\/b> Die E-Mail muss separate Dateien je nach Art des Anhangs im Format <b>PDF<\/b> enthalten:\n<ul>\n<li><b>1\u00d7 PDF:<\/b> Rechnung.<\/li>\n<li><b>1\u00d7 PDF:<\/b> CMR-Lieferschein(e) einschlie\u00dflich Lieferscheine.<\/li>\n<li><b>1\u00d7 PDF:<\/b> Best\u00e4tigung \u00fcber das abgeholte Material zur Sicherung der Ladung.<\/li>\n<\/ul>\n<\/li>\n<li><b>Qualit\u00e4t und Scannen:<\/b> Alle Scans (Rechnung und Belege) m\u00fcssen die folgenden Qualit\u00e4tskriterien erf\u00fcllen:\n<ul>\n<li>Sie m\u00fcssen <b>sauber und scharf sein, ohne Unsch\u00e4rfen<\/b>.<\/li>\n<li>Sie d\u00fcrfen keine <b>schwarzen R\u00e4nder<\/b> oder Schatten enthalten.<\/li>\n<li><b>Sie d\u00fcrfen nicht mit einem Mobiltelefon<\/b> oder einem anderen Fotoger\u00e4t aufgenommen worden sein (nur hochwertige Scans).<\/li>\n<li><b>Ein Beispiel daf\u00fcr, wie die Anlage nicht aussehen sollte<\/b>, finden Sie unter https:\/\/www.bosped.cz\/de\/invoices<\/li>\n<\/ul>\n<\/li>\n<\/ol>\n<h3>III. Alternative Versandart<\/h3>\n<p>Wenn die oben genannten Bedingungen nicht <b>vollst\u00e4ndig erf\u00fcllt werden k\u00f6nnen<\/b> (z. B. wenn Sie keinen Scanner zur Verf\u00fcgung haben oder die erforderliche Qualit\u00e4t\/Struktur der Anh\u00e4nge nicht erreicht werden kann), wird die elektronische Rechnungsstellung <b>nicht akzeptiert<\/b>.<\/p>\n<p>In diesem Fall senden Sie bitte <b>alle Originaldokumente per Post<\/b> an die Adresse der Firma BOSPED, spol. s r.o. in Rudn\u00e1.[\/vc_column_text][vc_empty_space][\/vc_column][\/vc_row][vc_column width=&#8220;1\/2&#8243;][\/vc_column][vc_row][vc_column][vc_empty_space height=&#8220;60px&#8220;][\/vc_column][\/vc_row]<\/p>\n<p><\/p>\n<\/div>","protected":false},"excerpt":{"rendered":"<p>[vc_row][vc_column width=&#8220;1\/2&#8243;][vc_column_text] [\/vc_column_text][vc_single_image image=&#8220;3277&#8243; img_size=&#8220;full&#8220; css=&#8220;&#8220;][\/vc_column][vc_column width=&#8220;1\/2&#8243;][vc_empty_space height=&#8220;20px&#8220;][vc_custom_heading text=&#8220;Beispiel f\u00fcr eine unzul\u00e4ssige Rechnungsstellung&#8220; font_container=&#8220;tag:h2|font_size:18|text_align:left&#8220; use_theme_fonts=&#8220;yes&#8220; css=&#8220;&#8220; link=&#8220;url:https%3A%2F%2Fwww.bosped.cz%2Fwp-content%2Fuploads%2F2016%2F03%2Froh.jpg&#8220;][vc_gallery type=&#8220;image_grid&#8220; images=&#8220;3280,3279,3278&#8243; css=&#8220;&#8220;][vc_empty_space][vc_custom_heading text=&#8220;Geeignet f\u00fcr E-Rechnungen&#8220; font_container=&#8220;tag:h2|font_size:18|text_align:left&#8220; use_theme_fonts=&#8220;yes&#8220; css=&#8220;&#8220; link=&#8220;url:https%3A%2F%2Fwww.bosped.cz%2Fwp-content%2Fuploads%2F2016%2F03%2Froh.jpg&#8220;][vc_gallery type=&#8220;image_grid&#8220; images=&#8220;3334&#8243; css=&#8220;&#8220;][vc_empty_space][\/vc_column][\/vc_row][vc_row][vc_column][vc_custom_heading text=&#8220;BEDINGUNGEN F\u00dcR DIE AKZEPTANZ DER ELEKTRONISCHEN RECHNUNGSSTELLUNG (E-RECHNUNG)&#8220; font_container=&#8220;tag:h2|font_size:18|text_align:left&#8220; use_theme_fonts=&#8220;yes&#8220;&#8230;<\/p>\n","protected":false},"author":5,"featured_media":0,"parent":0,"menu_order":2,"comment_status":"closed","ping_status":"closed","template":"","meta":{"footnotes":""},"class_list":["post-3274","page","type-page","status-publish","hentry"],"yoast_head":"<!-- This site is optimized with the Yoast SEO plugin v27.4 - https:\/\/yoast.com\/product\/yoast-seo-wordpress\/ -->\n<title>Bedingungen f\u00fcr die E-Rechnungsstellung - BOSPED, spol. s r. o.<\/title>\n<meta name=\"robots\" content=\"index, follow, max-snippet:-1, max-image-preview:large, max-video-preview:-1\" \/>\n<link rel=\"canonical\" href=\"https:\/\/www.bosped.cz\/invoices\/\" \/>\n<meta property=\"og:locale\" content=\"de_DE\" \/>\n<meta property=\"og:type\" content=\"article\" \/>\n<meta property=\"og:title\" content=\"[:cs]Podm\u00ednky E-fakturace[:de]Bedingungen f\u00fcr die E-Rechnungsstellung[:en]E-invoicing terms[:] - BOSPED, spol. s r. o.\" \/>\n<meta property=\"og:description\" content=\"[vc_row][vc_column width=&#8220;1\/2&#8243;][vc_column_text] [\/vc_column_text][vc_single_image image=&#8220;3277&#8243; img_size=&#8220;full&#8220; css=&#8220;&#8220;][\/vc_column][vc_column width=&#8220;1\/2&#8243;][vc_empty_space height=&#8220;20px&#8220;][vc_custom_heading text=&#8220;Beispiel f\u00fcr eine unzul\u00e4ssige Rechnungsstellung&#8220; font_container=&#8220;tag:h2|font_size:18|text_align:left&#8220; use_theme_fonts=&#8220;yes&#8220; css=&#8220;&#8220; link=&#8220;url:https%3A%2F%2Fwww.bosped.cz%2Fwp-content%2Fuploads%2F2016%2F03%2Froh.jpg&#8220;][vc_gallery type=&#8220;image_grid&#8220; images=&#8220;3280,3279,3278&#8243; css=&#8220;&#8220;][vc_empty_space][vc_custom_heading text=&#8220;Geeignet f\u00fcr E-Rechnungen&#8220; font_container=&#8220;tag:h2|font_size:18|text_align:left&#8220; use_theme_fonts=&#8220;yes&#8220; css=&#8220;&#8220; link=&#8220;url:https%3A%2F%2Fwww.bosped.cz%2Fwp-content%2Fuploads%2F2016%2F03%2Froh.jpg&#8220;][vc_gallery type=&#8220;image_grid&#8220; images=&#8220;3334&#8243; css=&#8220;&#8220;][vc_empty_space][\/vc_column][\/vc_row][vc_row][vc_column][vc_custom_heading text=&#8220;BEDINGUNGEN F\u00dcR DIE AKZEPTANZ DER ELEKTRONISCHEN RECHNUNGSSTELLUNG (E-RECHNUNG)&#8220; font_container=&#8220;tag:h2|font_size:18|text_align:left&#8220; use_theme_fonts=&#8220;yes&#8220;...\" \/>\n<meta property=\"og:url\" content=\"https:\/\/www.bosped.cz\/invoices\/\" \/>\n<meta property=\"og:site_name\" content=\"BOSPED, spol. s r. o.\" \/>\n<meta property=\"article:modified_time\" content=\"2025-10-22T17:08:44+00:00\" \/>\n<meta name=\"twitter:card\" content=\"summary_large_image\" \/>\n<meta name=\"twitter:label1\" content=\"Gesch\u00e4tzte Lesezeit\" \/>\n\t<meta name=\"twitter:data1\" content=\"5\u00a0Minuten\" \/>\n<script type=\"application\/ld+json\" class=\"yoast-schema-graph\">{\"@context\":\"https:\\\/\\\/schema.org\",\"@graph\":[{\"@type\":\"WebPage\",\"@id\":\"https:\\\/\\\/www.bosped.cz\\\/invoices\\\/\",\"url\":\"https:\\\/\\\/www.bosped.cz\\\/invoices\\\/\",\"name\":\"[:cs]Podm\u00ednky E-fakturace[:de]Bedingungen f\u00fcr die E-Rechnungsstellung[:en]E-invoicing terms[:] - BOSPED, spol. s r. o.\",\"isPartOf\":{\"@id\":\"https:\\\/\\\/www.bosped.cz\\\/#website\"},\"datePublished\":\"2025-10-21T10:18:36+00:00\",\"dateModified\":\"2025-10-22T17:08:44+00:00\",\"breadcrumb\":{\"@id\":\"https:\\\/\\\/www.bosped.cz\\\/invoices\\\/#breadcrumb\"},\"inLanguage\":\"de\",\"potentialAction\":[{\"@type\":\"ReadAction\",\"target\":[\"https:\\\/\\\/www.bosped.cz\\\/invoices\\\/\"]}]},{\"@type\":\"BreadcrumbList\",\"@id\":\"https:\\\/\\\/www.bosped.cz\\\/invoices\\\/#breadcrumb\",\"itemListElement\":[{\"@type\":\"ListItem\",\"position\":1,\"name\":\"Dom\u016f\",\"item\":\"https:\\\/\\\/www.bosped.cz\\\/\"},{\"@type\":\"ListItem\",\"position\":2,\"name\":\"Podm\u00ednky E-fakturace\"}]},{\"@type\":\"WebSite\",\"@id\":\"https:\\\/\\\/www.bosped.cz\\\/#website\",\"url\":\"https:\\\/\\\/www.bosped.cz\\\/\",\"name\":\"BOSPED, spol. s r. o.\",\"description\":\"My jsme JOLODA.cz!\",\"potentialAction\":[{\"@type\":\"SearchAction\",\"target\":{\"@type\":\"EntryPoint\",\"urlTemplate\":\"https:\\\/\\\/www.bosped.cz\\\/?s={search_term_string}\"},\"query-input\":{\"@type\":\"PropertyValueSpecification\",\"valueRequired\":true,\"valueName\":\"search_term_string\"}}],\"inLanguage\":\"de\"}]}<\/script>\n<!-- \/ Yoast SEO plugin. -->","yoast_head_json":{"title":"[:cs]Podm\u00ednky E-fakturace[:de]Bedingungen f\u00fcr die E-Rechnungsstellung[:en]E-invoicing terms[:] - BOSPED, spol. s r. o.","robots":{"index":"index","follow":"follow","max-snippet":"max-snippet:-1","max-image-preview":"max-image-preview:large","max-video-preview":"max-video-preview:-1"},"canonical":"https:\/\/www.bosped.cz\/invoices\/","og_locale":"de_DE","og_type":"article","og_title":"[:cs]Podm\u00ednky E-fakturace[:de]Bedingungen f\u00fcr die E-Rechnungsstellung[:en]E-invoicing terms[:] - BOSPED, spol. s r. o.","og_description":"[vc_row][vc_column width=&#8220;1\/2&#8243;][vc_column_text] [\/vc_column_text][vc_single_image image=&#8220;3277&#8243; img_size=&#8220;full&#8220; css=&#8220;&#8220;][\/vc_column][vc_column width=&#8220;1\/2&#8243;][vc_empty_space height=&#8220;20px&#8220;][vc_custom_heading text=&#8220;Beispiel f\u00fcr eine unzul\u00e4ssige Rechnungsstellung&#8220; font_container=&#8220;tag:h2|font_size:18|text_align:left&#8220; use_theme_fonts=&#8220;yes&#8220; css=&#8220;&#8220; link=&#8220;url:https%3A%2F%2Fwww.bosped.cz%2Fwp-content%2Fuploads%2F2016%2F03%2Froh.jpg&#8220;][vc_gallery type=&#8220;image_grid&#8220; images=&#8220;3280,3279,3278&#8243; css=&#8220;&#8220;][vc_empty_space][vc_custom_heading text=&#8220;Geeignet f\u00fcr E-Rechnungen&#8220; font_container=&#8220;tag:h2|font_size:18|text_align:left&#8220; use_theme_fonts=&#8220;yes&#8220; css=&#8220;&#8220; link=&#8220;url:https%3A%2F%2Fwww.bosped.cz%2Fwp-content%2Fuploads%2F2016%2F03%2Froh.jpg&#8220;][vc_gallery type=&#8220;image_grid&#8220; images=&#8220;3334&#8243; css=&#8220;&#8220;][vc_empty_space][\/vc_column][\/vc_row][vc_row][vc_column][vc_custom_heading text=&#8220;BEDINGUNGEN F\u00dcR DIE AKZEPTANZ DER ELEKTRONISCHEN RECHNUNGSSTELLUNG (E-RECHNUNG)&#8220; font_container=&#8220;tag:h2|font_size:18|text_align:left&#8220; use_theme_fonts=&#8220;yes&#8220;...","og_url":"https:\/\/www.bosped.cz\/invoices\/","og_site_name":"BOSPED, spol. s r. o.","article_modified_time":"2025-10-22T17:08:44+00:00","twitter_card":"summary_large_image","twitter_misc":{"Gesch\u00e4tzte Lesezeit":"5\u00a0Minuten"},"schema":{"@context":"https:\/\/schema.org","@graph":[{"@type":"WebPage","@id":"https:\/\/www.bosped.cz\/invoices\/","url":"https:\/\/www.bosped.cz\/invoices\/","name":"[:cs]Podm\u00ednky E-fakturace[:de]Bedingungen f\u00fcr die E-Rechnungsstellung[:en]E-invoicing terms[:] - BOSPED, spol. s r. o.","isPartOf":{"@id":"https:\/\/www.bosped.cz\/#website"},"datePublished":"2025-10-21T10:18:36+00:00","dateModified":"2025-10-22T17:08:44+00:00","breadcrumb":{"@id":"https:\/\/www.bosped.cz\/invoices\/#breadcrumb"},"inLanguage":"de","potentialAction":[{"@type":"ReadAction","target":["https:\/\/www.bosped.cz\/invoices\/"]}]},{"@type":"BreadcrumbList","@id":"https:\/\/www.bosped.cz\/invoices\/#breadcrumb","itemListElement":[{"@type":"ListItem","position":1,"name":"Dom\u016f","item":"https:\/\/www.bosped.cz\/"},{"@type":"ListItem","position":2,"name":"Podm\u00ednky E-fakturace"}]},{"@type":"WebSite","@id":"https:\/\/www.bosped.cz\/#website","url":"https:\/\/www.bosped.cz\/","name":"BOSPED, spol. s r. o.","description":"My jsme JOLODA.cz!","potentialAction":[{"@type":"SearchAction","target":{"@type":"EntryPoint","urlTemplate":"https:\/\/www.bosped.cz\/?s={search_term_string}"},"query-input":{"@type":"PropertyValueSpecification","valueRequired":true,"valueName":"search_term_string"}}],"inLanguage":"de"}]}},"_links":{"self":[{"href":"https:\/\/www.bosped.cz\/de\/wp-json\/wp\/v2\/pages\/3274","targetHints":{"allow":["GET"]}}],"collection":[{"href":"https:\/\/www.bosped.cz\/de\/wp-json\/wp\/v2\/pages"}],"about":[{"href":"https:\/\/www.bosped.cz\/de\/wp-json\/wp\/v2\/types\/page"}],"author":[{"embeddable":true,"href":"https:\/\/www.bosped.cz\/de\/wp-json\/wp\/v2\/users\/5"}],"replies":[{"embeddable":true,"href":"https:\/\/www.bosped.cz\/de\/wp-json\/wp\/v2\/comments?post=3274"}],"version-history":[{"count":57,"href":"https:\/\/www.bosped.cz\/de\/wp-json\/wp\/v2\/pages\/3274\/revisions"}],"predecessor-version":[{"id":3343,"href":"https:\/\/www.bosped.cz\/de\/wp-json\/wp\/v2\/pages\/3274\/revisions\/3343"}],"wp:attachment":[{"href":"https:\/\/www.bosped.cz\/de\/wp-json\/wp\/v2\/media?parent=3274"}],"curies":[{"name":"wp","href":"https:\/\/api.w.org\/{rel}","templated":true}]}}