{"id":254,"date":"2014-12-10T07:17:49","date_gmt":"2014-12-10T06:17:49","guid":{"rendered":"http:\/\/anpsthemes.com\/constructo\/?page_id=254"},"modified":"2022-02-16T10:32:46","modified_gmt":"2022-02-16T09:32:46","slug":"doprava","status":"publish","type":"page","link":"https:\/\/www.bosped.cz\/de\/sluzby\/doprava\/","title":{"rendered":"Transport"},"content":{"rendered":"<div class=\"wpb-content-wrapper\"><p>[vc_row][vc_column width=&#8220;1\/2&#8243;][vc_single_image image=&#8220;2279&#8243; img_size=&#8220;full&#8220;][vc_empty_space height=&#8220;5px&#8220;][vc_custom_heading text=&#8220;TRANSPORT&#8220; font_container=&#8220;tag:h2|font_size:18|text_align:left&#8220; use_theme_fonts=&#8220;yes&#8220;][vc_empty_space height=&#8220;15px&#8220;][vc_column_text]Derzeit erg\u00e4nzen wir unsere eigene Aufliegerflotte mit Joloda-System um einen vertraglich gesicherten Fuhrpark f\u00fcr den Transport von Nutzlasten zwischen 3 und 25\u00a0Tonnen.<\/p>\n<p>Wir spezialisieren uns vor allem auf den Transport f\u00fcr die Papierindustrie, aber zugleich gew\u00e4hrleisten wir auch weitere anspruchsvolle Transportanforderungen mit anderer Spezialisierung, unter anderem den Transport von ADR-Gefahrenstoffen oder Abf\u00e4llen.<\/p>\n<p>Wir haben entsprechende Versicherungen abgeschlossen und der Verlauf aller unserer Transporte wird fortlaufend in der Verkehrsleitzentrale in Prag oder in unserer Niederlassung in N\u00e1chod \u00fcberwacht.<br \/>\n[\/vc_column_text][\/vc_column][vc_column width=&#8220;1\/2&#8243;][vc_single_image image=&#8220;1972&#8243; img_size=&#8220;full&#8220;][vc_empty_space height=&#8220;10px&#8220;][vc_single_image image=&#8220;2278&#8243; img_size=&#8220;full&#8220;][vc_empty_space height=&#8220;5px&#8220;][vc_custom_heading text=&#8220;TRUCKING&#8220; font_container=&#8220;tag:h2|font_size:18|text_align:left&#8220; use_theme_fonts=&#8220;yes&#8220;][vc_empty_space height=&#8220;15px&#8220;][vc_column_text]Unseren vertraglichen Transporteuren erm\u00f6glichen wir neben der ausschlie\u00dflichen Besch\u00e4ftigung ihrer Fahrzeuge oder ihrer einmaligen Auslastung auch den gemeinsamen Betrieb des von uns \u00fcbertragenen Aufliegers mit Joloda-System gemeinsam mit dem Sattelschlepper des Transporteurs.<\/p>\n<p>Wir \u00fcbernehmen damit das Betriebsrisiko der speziellen Ausf\u00fchrung des Aufliegers f\u00fcr den Fall eines Marktr\u00fcckgangs im Krisenfall und beteiligen uns an den Risiken in Verbindung mit dem Betrieb von Kraftfahrzeugen einschlie\u00dflich ihrer Abnutzung und Alterung.[\/vc_column_text][\/vc_column][\/vc_row][vc_row][vc_column][vc_empty_space height=&#8220;60px&#8220;][\/vc_column][\/vc_row]<\/p>\n<\/div>","protected":false},"excerpt":{"rendered":"<p>[vc_row][vc_column width=&#8220;1\/2&#8243;][vc_single_image image=&#8220;2279&#8243; img_size=&#8220;full&#8220;][vc_empty_space height=&#8220;5px&#8220;][vc_custom_heading text=&#8220;TRANSPORT&#8220; font_container=&#8220;tag:h2|font_size:18|text_align:left&#8220; use_theme_fonts=&#8220;yes&#8220;][vc_empty_space height=&#8220;15px&#8220;][vc_column_text]Derzeit erg\u00e4nzen wir unsere eigene Aufliegerflotte mit Joloda-System um einen vertraglich gesicherten Fuhrpark f\u00fcr den Transport von Nutzlasten zwischen 3 und 25\u00a0Tonnen. Wir spezialisieren uns vor allem auf den Transport f\u00fcr die&#8230;<\/p>\n","protected":false},"author":4,"featured_media":0,"parent":9,"menu_order":2,"comment_status":"closed","ping_status":"closed","template":"","meta":{"footnotes":""},"class_list":["post-254","page","type-page","status-publish","hentry"],"yoast_head":"<!-- This site is optimized with the Yoast SEO plugin v27.5 - https:\/\/yoast.com\/product\/yoast-seo-wordpress\/ -->\n<title>Transport - BOSPED, spol. s r. o.<\/title>\n<meta name=\"description\" content=\"Doprava vlastn\u00ed flotilou n\u00e1v\u011bs\u016f s\u00a0joloda syst\u00e9mem a smluvn\u011b zaji\u0161t\u011bn\u00fdm vozov\u00fdm parkem pro\u00a0p\u0159epravy o\u00a0u\u017eite\u010dn\u00fdch hmotnostech od\u00a03 do\u00a025\u00a0tun\" \/>\n<meta name=\"robots\" content=\"index, follow, max-snippet:-1, max-image-preview:large, max-video-preview:-1\" \/>\n<link rel=\"canonical\" href=\"https:\/\/www.bosped.cz\/sluzby\/doprava\/\" \/>\n<meta property=\"og:locale\" content=\"de_DE\" \/>\n<meta property=\"og:type\" content=\"article\" \/>\n<meta property=\"og:title\" content=\"[:cs]Doprava[:de]Transport[:en]Transport[:] - BOSPED, spol. s r. o.\" \/>\n<meta property=\"og:description\" content=\"Doprava vlastn\u00ed flotilou n\u00e1v\u011bs\u016f s\u00a0joloda syst\u00e9mem a smluvn\u011b zaji\u0161t\u011bn\u00fdm vozov\u00fdm parkem pro\u00a0p\u0159epravy o\u00a0u\u017eite\u010dn\u00fdch hmotnostech od\u00a03 do\u00a025\u00a0tun\" \/>\n<meta property=\"og:url\" content=\"https:\/\/www.bosped.cz\/sluzby\/doprava\/\" \/>\n<meta property=\"og:site_name\" content=\"BOSPED, spol. s r. o.\" \/>\n<meta property=\"article:modified_time\" content=\"2022-02-16T09:32:46+00:00\" \/>\n<meta name=\"twitter:card\" content=\"summary_large_image\" \/>\n<meta name=\"twitter:label1\" content=\"Gesch\u00e4tzte Lesezeit\" \/>\n\t<meta name=\"twitter:data1\" content=\"5\u00a0Minuten\" \/>\n<script type=\"application\/ld+json\" class=\"yoast-schema-graph\">{\"@context\":\"https:\\\/\\\/schema.org\",\"@graph\":[{\"@type\":\"WebPage\",\"@id\":\"https:\\\/\\\/www.bosped.cz\\\/sluzby\\\/doprava\\\/\",\"url\":\"https:\\\/\\\/www.bosped.cz\\\/sluzby\\\/doprava\\\/\",\"name\":\"[:cs]Doprava[:de]Transport[:en]Transport[:] - BOSPED, spol. s r. o.\",\"isPartOf\":{\"@id\":\"https:\\\/\\\/www.bosped.cz\\\/#website\"},\"datePublished\":\"2014-12-10T06:17:49+00:00\",\"dateModified\":\"2022-02-16T09:32:46+00:00\",\"description\":\"Doprava vlastn\u00ed flotilou n\u00e1v\u011bs\u016f s\u00a0joloda syst\u00e9mem a smluvn\u011b zaji\u0161t\u011bn\u00fdm vozov\u00fdm parkem pro\u00a0p\u0159epravy o\u00a0u\u017eite\u010dn\u00fdch hmotnostech od\u00a03 do\u00a025\u00a0tun\",\"breadcrumb\":{\"@id\":\"https:\\\/\\\/www.bosped.cz\\\/sluzby\\\/doprava\\\/#breadcrumb\"},\"inLanguage\":\"de\",\"potentialAction\":[{\"@type\":\"ReadAction\",\"target\":[\"https:\\\/\\\/www.bosped.cz\\\/sluzby\\\/doprava\\\/\"]}]},{\"@type\":\"BreadcrumbList\",\"@id\":\"https:\\\/\\\/www.bosped.cz\\\/sluzby\\\/doprava\\\/#breadcrumb\",\"itemListElement\":[{\"@type\":\"ListItem\",\"position\":1,\"name\":\"Dom\u016f\",\"item\":\"https:\\\/\\\/www.bosped.cz\\\/\"},{\"@type\":\"ListItem\",\"position\":2,\"name\":\"Dienstleistungen\",\"item\":\"https:\\\/\\\/www.bosped.cz\\\/de\\\/sluzby\\\/\"},{\"@type\":\"ListItem\",\"position\":3,\"name\":\"Doprava\"}]},{\"@type\":\"WebSite\",\"@id\":\"https:\\\/\\\/www.bosped.cz\\\/#website\",\"url\":\"https:\\\/\\\/www.bosped.cz\\\/\",\"name\":\"BOSPED, spol. s r. o.\",\"description\":\"My jsme JOLODA.cz!\",\"potentialAction\":[{\"@type\":\"SearchAction\",\"target\":{\"@type\":\"EntryPoint\",\"urlTemplate\":\"https:\\\/\\\/www.bosped.cz\\\/?s={search_term_string}\"},\"query-input\":{\"@type\":\"PropertyValueSpecification\",\"valueRequired\":true,\"valueName\":\"search_term_string\"}}],\"inLanguage\":\"de\"}]}<\/script>\n<!-- \/ Yoast SEO plugin. -->","yoast_head_json":{"title":"[:cs]Doprava[:de]Transport[:en]Transport[:] - BOSPED, spol. s r. o.","description":"Doprava vlastn\u00ed flotilou n\u00e1v\u011bs\u016f s\u00a0joloda syst\u00e9mem a smluvn\u011b zaji\u0161t\u011bn\u00fdm vozov\u00fdm parkem pro\u00a0p\u0159epravy o\u00a0u\u017eite\u010dn\u00fdch hmotnostech od\u00a03 do\u00a025\u00a0tun","robots":{"index":"index","follow":"follow","max-snippet":"max-snippet:-1","max-image-preview":"max-image-preview:large","max-video-preview":"max-video-preview:-1"},"canonical":"https:\/\/www.bosped.cz\/sluzby\/doprava\/","og_locale":"de_DE","og_type":"article","og_title":"[:cs]Doprava[:de]Transport[:en]Transport[:] - BOSPED, spol. s r. o.","og_description":"Doprava vlastn\u00ed flotilou n\u00e1v\u011bs\u016f s\u00a0joloda syst\u00e9mem a smluvn\u011b zaji\u0161t\u011bn\u00fdm vozov\u00fdm parkem pro\u00a0p\u0159epravy o\u00a0u\u017eite\u010dn\u00fdch hmotnostech od\u00a03 do\u00a025\u00a0tun","og_url":"https:\/\/www.bosped.cz\/sluzby\/doprava\/","og_site_name":"BOSPED, spol. s r. o.","article_modified_time":"2022-02-16T09:32:46+00:00","twitter_card":"summary_large_image","twitter_misc":{"Gesch\u00e4tzte Lesezeit":"5\u00a0Minuten"},"schema":{"@context":"https:\/\/schema.org","@graph":[{"@type":"WebPage","@id":"https:\/\/www.bosped.cz\/sluzby\/doprava\/","url":"https:\/\/www.bosped.cz\/sluzby\/doprava\/","name":"[:cs]Doprava[:de]Transport[:en]Transport[:] - BOSPED, spol. s r. o.","isPartOf":{"@id":"https:\/\/www.bosped.cz\/#website"},"datePublished":"2014-12-10T06:17:49+00:00","dateModified":"2022-02-16T09:32:46+00:00","description":"Doprava vlastn\u00ed flotilou n\u00e1v\u011bs\u016f s\u00a0joloda syst\u00e9mem a smluvn\u011b zaji\u0161t\u011bn\u00fdm vozov\u00fdm parkem pro\u00a0p\u0159epravy o\u00a0u\u017eite\u010dn\u00fdch hmotnostech od\u00a03 do\u00a025\u00a0tun","breadcrumb":{"@id":"https:\/\/www.bosped.cz\/sluzby\/doprava\/#breadcrumb"},"inLanguage":"de","potentialAction":[{"@type":"ReadAction","target":["https:\/\/www.bosped.cz\/sluzby\/doprava\/"]}]},{"@type":"BreadcrumbList","@id":"https:\/\/www.bosped.cz\/sluzby\/doprava\/#breadcrumb","itemListElement":[{"@type":"ListItem","position":1,"name":"Dom\u016f","item":"https:\/\/www.bosped.cz\/"},{"@type":"ListItem","position":2,"name":"Dienstleistungen","item":"https:\/\/www.bosped.cz\/de\/sluzby\/"},{"@type":"ListItem","position":3,"name":"Doprava"}]},{"@type":"WebSite","@id":"https:\/\/www.bosped.cz\/#website","url":"https:\/\/www.bosped.cz\/","name":"BOSPED, spol. s r. o.","description":"My jsme JOLODA.cz!","potentialAction":[{"@type":"SearchAction","target":{"@type":"EntryPoint","urlTemplate":"https:\/\/www.bosped.cz\/?s={search_term_string}"},"query-input":{"@type":"PropertyValueSpecification","valueRequired":true,"valueName":"search_term_string"}}],"inLanguage":"de"}]}},"_links":{"self":[{"href":"https:\/\/www.bosped.cz\/de\/wp-json\/wp\/v2\/pages\/254","targetHints":{"allow":["GET"]}}],"collection":[{"href":"https:\/\/www.bosped.cz\/de\/wp-json\/wp\/v2\/pages"}],"about":[{"href":"https:\/\/www.bosped.cz\/de\/wp-json\/wp\/v2\/types\/page"}],"author":[{"embeddable":true,"href":"https:\/\/www.bosped.cz\/de\/wp-json\/wp\/v2\/users\/4"}],"replies":[{"embeddable":true,"href":"https:\/\/www.bosped.cz\/de\/wp-json\/wp\/v2\/comments?post=254"}],"version-history":[{"count":5,"href":"https:\/\/www.bosped.cz\/de\/wp-json\/wp\/v2\/pages\/254\/revisions"}],"predecessor-version":[{"id":2914,"href":"https:\/\/www.bosped.cz\/de\/wp-json\/wp\/v2\/pages\/254\/revisions\/2914"}],"up":[{"embeddable":true,"href":"https:\/\/www.bosped.cz\/de\/wp-json\/wp\/v2\/pages\/9"}],"wp:attachment":[{"href":"https:\/\/www.bosped.cz\/de\/wp-json\/wp\/v2\/media?parent=254"}],"curies":[{"name":"wp","href":"https:\/\/api.w.org\/{rel}","templated":true}]}}