{"id":1687,"date":"2016-03-18T14:35:36","date_gmt":"2016-03-18T13:35:36","guid":{"rendered":"http:\/\/www.bosped.cz\/wp\/?page_id=1687"},"modified":"2022-02-04T17:22:02","modified_gmt":"2022-02-04T16:22:02","slug":"zabezpeceni","status":"publish","type":"page","link":"https:\/\/www.bosped.cz\/de\/bosped\/zabezpeceni\/","title":{"rendered":"Frachtsicherung"},"content":{"rendered":"<div class=\"wpb-content-wrapper\"><p><\/p>\n<p>[vc_row][vc_column width=&#8220;1\/2&#8243;][vc_column_text]<\/p>\n<div class=\"wpb_column col-md-6\"><\/div>\n<section class=\"wpb_row container\"><\/section>\n<p>[\/vc_column_text][vc_single_image image=&#8220;2157&#8243; img_size=&#8220;full&#8220;][vc_empty_space height=&#8220;10px&#8220;][vc_custom_heading text=&#8220;FRACHTSICHERUNG&#8220; font_container=&#8220;tag:h2|font_size:18|text_align:left&#8220; use_theme_fonts=&#8220;yes&#8220;][vc_empty_space height=&#8220;15px&#8220;][vc_column_text]Beim Transport muss die Fracht angemessen gegen Bewegungen gesichert werden,\u00a0ob nun die transportierten Papierrollen in einer oder mehreren Reihen stehend den Frachtraum f\u00fcllen oder liegend transportiert werden.<\/p>\n<p>Die Pr\u00e4sentation zeigt die Methode der Frachtsicherung durch Spanngurte unter Verwendung von rutschfesten Unterlagen. Ergo-Ratschen haben gegen\u00fcber Standardratschen eine h\u00f6here Spannkraft und gemeinsam mit den rutschfesten Unterlagen verbessern sie die Reibungskraft zwischen den Transportmaterialien. Ergo-Ratschen und die rutschfesten Unterlagen erm\u00f6glichen dadurch die Frachtsicherung durch eine geringere Anzahl von Spanngurten.[\/vc_column_text][vc_empty_space height=&#8220;10px&#8220;][\/vc_column][vc_column width=&#8220;1\/2&#8243;][vc_empty_space height=&#8220;20px&#8220;][vc_custom_heading text=&#8220;Ladung von liegenden Rollen&#8220; font_container=&#8220;tag:h2|font_size:18|text_align:left&#8220; use_theme_fonts=&#8220;yes&#8220; link=&#8220;url:https%3A%2F%2Fwww.bosped.cz%2Fwp-content%2Fuploads%2F2016%2F03%2Froh.jpg&#8220;][vc_single_image image=&#8220;2186&#8243; img_size=&#8220;full&#8220;][vc_empty_space][vc_custom_heading text=&#8220;Ladung von Rollen stehend in einer Reihel&#8220; font_container=&#8220;tag:h2|font_size:18|text_align:left&#8220; use_theme_fonts=&#8220;yes&#8220; link=&#8220;url:https%3A%2F%2Fwww.bosped.cz%2Fwp-content%2Fuploads%2F2016%2F03%2Froh.jpg&#8220;][vc_single_image image=&#8220;2183&#8243; img_size=&#8220;full&#8220;][vc_empty_space][vc_custom_heading text=&#8220;Ladung von Rollen stehend in mehreren Reihel&#8220; font_container=&#8220;tag:h2|font_size:18|text_align:left&#8220; use_theme_fonts=&#8220;yes&#8220; link=&#8220;url:https%3A%2F%2Fwww.bosped.cz%2Fwp-content%2Fuploads%2F2016%2F03%2Froh.jpg&#8220;][vc_single_image image=&#8220;2180&#8243; img_size=&#8220;full&#8220;][vc_empty_space height=&#8220;5px&#8220;][\/vc_column][\/vc_row][vc_column width=&#8220;1\/2&#8243;][\/vc_column][vc_row][vc_column][vc_empty_space height=&#8220;60px&#8220;][\/vc_column][\/vc_row]<\/p>\n<p><\/p>\n<\/div>","protected":false},"excerpt":{"rendered":"<p>[vc_row][vc_column width=&#8220;1\/2&#8243;][vc_column_text] [\/vc_column_text][vc_single_image image=&#8220;2157&#8243; img_size=&#8220;full&#8220;][vc_empty_space height=&#8220;10px&#8220;][vc_custom_heading text=&#8220;FRACHTSICHERUNG&#8220; font_container=&#8220;tag:h2|font_size:18|text_align:left&#8220; use_theme_fonts=&#8220;yes&#8220;][vc_empty_space height=&#8220;15px&#8220;][vc_column_text]Beim Transport muss die Fracht angemessen gegen Bewegungen gesichert werden,\u00a0ob nun die transportierten Papierrollen in einer oder mehreren Reihen stehend den Frachtraum f\u00fcllen oder liegend transportiert werden. Die Pr\u00e4sentation zeigt die&#8230;<\/p>\n","protected":false},"author":4,"featured_media":0,"parent":1695,"menu_order":2,"comment_status":"closed","ping_status":"closed","template":"","meta":{"footnotes":""},"class_list":["post-1687","page","type-page","status-publish","hentry"],"yoast_head":"<!-- This site is optimized with the Yoast SEO plugin v27.4 - https:\/\/yoast.com\/product\/yoast-seo-wordpress\/ -->\n<title>Frachtsicherung - BOSPED, spol. s r. o.<\/title>\n<meta name=\"robots\" content=\"index, follow, max-snippet:-1, max-image-preview:large, max-video-preview:-1\" \/>\n<link rel=\"canonical\" href=\"https:\/\/www.bosped.cz\/bosped\/zabezpeceni\/\" \/>\n<meta property=\"og:locale\" content=\"de_DE\" \/>\n<meta property=\"og:type\" content=\"article\" \/>\n<meta property=\"og:title\" content=\"[:cs]Zabezpe\u010den\u00ed n\u00e1kladu[:de]Frachtsicherung[:en]Securing the Cargo[:] - BOSPED, spol. s r. o.\" \/>\n<meta property=\"og:description\" content=\"[vc_row][vc_column width=&#8220;1\/2&#8243;][vc_column_text] [\/vc_column_text][vc_single_image image=&#8220;2157&#8243; img_size=&#8220;full&#8220;][vc_empty_space height=&#8220;10px&#8220;][vc_custom_heading text=&#8220;FRACHTSICHERUNG&#8220; font_container=&#8220;tag:h2|font_size:18|text_align:left&#8220; use_theme_fonts=&#8220;yes&#8220;][vc_empty_space height=&#8220;15px&#8220;][vc_column_text]Beim Transport muss die Fracht angemessen gegen Bewegungen gesichert werden,\u00a0ob nun die transportierten Papierrollen in einer oder mehreren Reihen stehend den Frachtraum f\u00fcllen oder liegend transportiert werden. Die Pr\u00e4sentation zeigt die...\" \/>\n<meta property=\"og:url\" content=\"https:\/\/www.bosped.cz\/bosped\/zabezpeceni\/\" \/>\n<meta property=\"og:site_name\" content=\"BOSPED, spol. s r. o.\" \/>\n<meta property=\"article:modified_time\" content=\"2022-02-04T16:22:02+00:00\" \/>\n<meta name=\"twitter:card\" content=\"summary_large_image\" \/>\n<meta name=\"twitter:label1\" content=\"Gesch\u00e4tzte Lesezeit\" \/>\n\t<meta name=\"twitter:data1\" content=\"5\u00a0Minuten\" \/>\n<script type=\"application\/ld+json\" class=\"yoast-schema-graph\">{\"@context\":\"https:\\\/\\\/schema.org\",\"@graph\":[{\"@type\":\"WebPage\",\"@id\":\"https:\\\/\\\/www.bosped.cz\\\/bosped\\\/zabezpeceni\\\/\",\"url\":\"https:\\\/\\\/www.bosped.cz\\\/bosped\\\/zabezpeceni\\\/\",\"name\":\"[:cs]Zabezpe\u010den\u00ed n\u00e1kladu[:de]Frachtsicherung[:en]Securing the Cargo[:] - BOSPED, spol. s r. o.\",\"isPartOf\":{\"@id\":\"https:\\\/\\\/www.bosped.cz\\\/#website\"},\"datePublished\":\"2016-03-18T13:35:36+00:00\",\"dateModified\":\"2022-02-04T16:22:02+00:00\",\"breadcrumb\":{\"@id\":\"https:\\\/\\\/www.bosped.cz\\\/bosped\\\/zabezpeceni\\\/#breadcrumb\"},\"inLanguage\":\"de\",\"potentialAction\":[{\"@type\":\"ReadAction\",\"target\":[\"https:\\\/\\\/www.bosped.cz\\\/bosped\\\/zabezpeceni\\\/\"]}]},{\"@type\":\"BreadcrumbList\",\"@id\":\"https:\\\/\\\/www.bosped.cz\\\/bosped\\\/zabezpeceni\\\/#breadcrumb\",\"itemListElement\":[{\"@type\":\"ListItem\",\"position\":1,\"name\":\"Dom\u016f\",\"item\":\"https:\\\/\\\/www.bosped.cz\\\/\"},{\"@type\":\"ListItem\",\"position\":2,\"name\":\"O n\u00e1s\",\"item\":\"https:\\\/\\\/www.bosped.cz\\\/bosped\\\/\"},{\"@type\":\"ListItem\",\"position\":3,\"name\":\"Securing the Cargo\"}]},{\"@type\":\"WebSite\",\"@id\":\"https:\\\/\\\/www.bosped.cz\\\/#website\",\"url\":\"https:\\\/\\\/www.bosped.cz\\\/\",\"name\":\"BOSPED, spol. s r. o.\",\"description\":\"My jsme JOLODA.cz!\",\"potentialAction\":[{\"@type\":\"SearchAction\",\"target\":{\"@type\":\"EntryPoint\",\"urlTemplate\":\"https:\\\/\\\/www.bosped.cz\\\/?s={search_term_string}\"},\"query-input\":{\"@type\":\"PropertyValueSpecification\",\"valueRequired\":true,\"valueName\":\"search_term_string\"}}],\"inLanguage\":\"de\"}]}<\/script>\n<!-- \/ Yoast SEO plugin. -->","yoast_head_json":{"title":"[:cs]Zabezpe\u010den\u00ed n\u00e1kladu[:de]Frachtsicherung[:en]Securing the Cargo[:] - BOSPED, spol. s r. o.","robots":{"index":"index","follow":"follow","max-snippet":"max-snippet:-1","max-image-preview":"max-image-preview:large","max-video-preview":"max-video-preview:-1"},"canonical":"https:\/\/www.bosped.cz\/bosped\/zabezpeceni\/","og_locale":"de_DE","og_type":"article","og_title":"[:cs]Zabezpe\u010den\u00ed n\u00e1kladu[:de]Frachtsicherung[:en]Securing the Cargo[:] - BOSPED, spol. s r. o.","og_description":"[vc_row][vc_column width=&#8220;1\/2&#8243;][vc_column_text] [\/vc_column_text][vc_single_image image=&#8220;2157&#8243; img_size=&#8220;full&#8220;][vc_empty_space height=&#8220;10px&#8220;][vc_custom_heading text=&#8220;FRACHTSICHERUNG&#8220; font_container=&#8220;tag:h2|font_size:18|text_align:left&#8220; use_theme_fonts=&#8220;yes&#8220;][vc_empty_space height=&#8220;15px&#8220;][vc_column_text]Beim Transport muss die Fracht angemessen gegen Bewegungen gesichert werden,\u00a0ob nun die transportierten Papierrollen in einer oder mehreren Reihen stehend den Frachtraum f\u00fcllen oder liegend transportiert werden. Die Pr\u00e4sentation zeigt die...","og_url":"https:\/\/www.bosped.cz\/bosped\/zabezpeceni\/","og_site_name":"BOSPED, spol. s r. o.","article_modified_time":"2022-02-04T16:22:02+00:00","twitter_card":"summary_large_image","twitter_misc":{"Gesch\u00e4tzte Lesezeit":"5\u00a0Minuten"},"schema":{"@context":"https:\/\/schema.org","@graph":[{"@type":"WebPage","@id":"https:\/\/www.bosped.cz\/bosped\/zabezpeceni\/","url":"https:\/\/www.bosped.cz\/bosped\/zabezpeceni\/","name":"[:cs]Zabezpe\u010den\u00ed n\u00e1kladu[:de]Frachtsicherung[:en]Securing the Cargo[:] - BOSPED, spol. s r. o.","isPartOf":{"@id":"https:\/\/www.bosped.cz\/#website"},"datePublished":"2016-03-18T13:35:36+00:00","dateModified":"2022-02-04T16:22:02+00:00","breadcrumb":{"@id":"https:\/\/www.bosped.cz\/bosped\/zabezpeceni\/#breadcrumb"},"inLanguage":"de","potentialAction":[{"@type":"ReadAction","target":["https:\/\/www.bosped.cz\/bosped\/zabezpeceni\/"]}]},{"@type":"BreadcrumbList","@id":"https:\/\/www.bosped.cz\/bosped\/zabezpeceni\/#breadcrumb","itemListElement":[{"@type":"ListItem","position":1,"name":"Dom\u016f","item":"https:\/\/www.bosped.cz\/"},{"@type":"ListItem","position":2,"name":"O n\u00e1s","item":"https:\/\/www.bosped.cz\/bosped\/"},{"@type":"ListItem","position":3,"name":"Securing the Cargo"}]},{"@type":"WebSite","@id":"https:\/\/www.bosped.cz\/#website","url":"https:\/\/www.bosped.cz\/","name":"BOSPED, spol. s r. o.","description":"My jsme JOLODA.cz!","potentialAction":[{"@type":"SearchAction","target":{"@type":"EntryPoint","urlTemplate":"https:\/\/www.bosped.cz\/?s={search_term_string}"},"query-input":{"@type":"PropertyValueSpecification","valueRequired":true,"valueName":"search_term_string"}}],"inLanguage":"de"}]}},"_links":{"self":[{"href":"https:\/\/www.bosped.cz\/de\/wp-json\/wp\/v2\/pages\/1687","targetHints":{"allow":["GET"]}}],"collection":[{"href":"https:\/\/www.bosped.cz\/de\/wp-json\/wp\/v2\/pages"}],"about":[{"href":"https:\/\/www.bosped.cz\/de\/wp-json\/wp\/v2\/types\/page"}],"author":[{"embeddable":true,"href":"https:\/\/www.bosped.cz\/de\/wp-json\/wp\/v2\/users\/4"}],"replies":[{"embeddable":true,"href":"https:\/\/www.bosped.cz\/de\/wp-json\/wp\/v2\/comments?post=1687"}],"version-history":[{"count":8,"href":"https:\/\/www.bosped.cz\/de\/wp-json\/wp\/v2\/pages\/1687\/revisions"}],"predecessor-version":[{"id":2939,"href":"https:\/\/www.bosped.cz\/de\/wp-json\/wp\/v2\/pages\/1687\/revisions\/2939"}],"up":[{"embeddable":true,"href":"https:\/\/www.bosped.cz\/de\/wp-json\/wp\/v2\/pages\/1695"}],"wp:attachment":[{"href":"https:\/\/www.bosped.cz\/de\/wp-json\/wp\/v2\/media?parent=1687"}],"curies":[{"name":"wp","href":"https:\/\/api.w.org\/{rel}","templated":true}]}}