{"id":1615,"date":"2016-03-10T18:17:47","date_gmt":"2016-03-10T17:17:47","guid":{"rendered":"http:\/\/www.bosped.cz\/wp\/?page_id=1615"},"modified":"2022-02-04T18:00:29","modified_gmt":"2022-02-04T17:00:29","slug":"rozsvitte-s-nami-prahu","status":"publish","type":"page","link":"https:\/\/www.bosped.cz\/de\/podporujeme\/rozsvitte-s-nami-prahu\/","title":{"rendered":"Beleuchten Sie mit uns Prag!"},"content":{"rendered":"<div class=\"wpb-content-wrapper\"><p><\/p>\n<p>[vc_row][vc_column][vc_single_image image=&#8220;1406&#8243; img_size=&#8220;full&#8220; alignment=&#8220;center&#8220;][\/vc_column][\/vc_row][vc_row][vc_column][vc_empty_space height=&#8220;20px&#8220;][\/vc_column][\/vc_row][vc_row][vc_column][vc_column_text]Seit dem Jahr 2007 beleuchtet in der Vorweihnachtszeit mit Radio City im Rahmen eines wohlt\u00e4tigen Projekts die Stadt Prag, wobei mit dem Einverst\u00e4ndnis der Hauptstadt Prag der traditionelle Weihnachtsbaum am Altst\u00e4dter Platz mit seinen Lampen \u201eausgeliehen\u201c wird. Jeder Teilnehmer kann somit symbolisch \u201eeine Lampe sponsern\u201c und \u00fcber die Lampe ausgew\u00e4hlte Stiftungsfonds\u2026 <\/p>\n<p>Auch wir bei BOSPED haben schon Prag beleuchtet f\u00fcr den Stiftungsfonds SPOLU D\u011aTEM (gemeinsam f\u00fcr Kinder), den Stiftungsfonds D\u011aTSK\u00dd \u00daSM\u011aV (Kinderlachen) und im Jahr 2015 f\u00fcr die Stiftung des Jedli\u010dka Instituts.<\/p>\n<p><a href=\"http:\/\/strom.radiocity.cz\/\">Beleuchten Sie mit uns Prag!<\/a><\/p>\n<p>Wir bedanken uns bei <a href=\"https:\/\/www.facebook.com\/city937\/videos\/937693932919011\/\">Radio City<\/a>&#8230;[\/vc_column_text][\/vc_column][\/vc_row][vc_row][vc_column][vc_empty_space height=&#8220;60px&#8220;][\/vc_column][\/vc_row]<\/p>\n<p><\/p>\n<\/div>","protected":false},"excerpt":{"rendered":"<p>[vc_row][vc_column][vc_single_image image=&#8220;1406&#8243; img_size=&#8220;full&#8220; alignment=&#8220;center&#8220;][\/vc_column][\/vc_row][vc_row][vc_column][vc_empty_space height=&#8220;20px&#8220;][\/vc_column][\/vc_row][vc_row][vc_column][vc_column_text]Seit dem Jahr 2007 beleuchtet in der Vorweihnachtszeit mit Radio City im Rahmen eines wohlt\u00e4tigen Projekts die Stadt Prag, wobei mit dem Einverst\u00e4ndnis der Hauptstadt Prag der traditionelle Weihnachtsbaum am Altst\u00e4dter Platz mit seinen Lampen \u201eausgeliehen\u201c&#8230;<\/p>\n","protected":false},"author":4,"featured_media":0,"parent":1578,"menu_order":0,"comment_status":"closed","ping_status":"closed","template":"","meta":{"footnotes":""},"class_list":["post-1615","page","type-page","status-publish","hentry"],"yoast_head":"<!-- This site is optimized with the Yoast SEO plugin v27.6 - https:\/\/yoast.com\/product\/yoast-seo-wordpress\/ -->\n<title>Beleuchten Sie mit uns Prag! - BOSPED, spol. s r. o.<\/title>\n<meta name=\"robots\" content=\"index, follow, max-snippet:-1, max-image-preview:large, max-video-preview:-1\" \/>\n<link rel=\"canonical\" href=\"https:\/\/www.bosped.cz\/podporujeme\/rozsvitte-s-nami-prahu\/\" \/>\n<meta property=\"og:locale\" content=\"de_DE\" \/>\n<meta property=\"og:type\" content=\"article\" \/>\n<meta property=\"og:title\" content=\"[:cs]Rozsvi\u0165te s n\u00e1mi Prahu![:de]Beleuchten Sie mit uns Prag![:en]Light up Prague with us![:] - BOSPED, spol. s r. o.\" \/>\n<meta property=\"og:description\" content=\"[vc_row][vc_column][vc_single_image image=&#8220;1406&#8243; img_size=&#8220;full&#8220; alignment=&#8220;center&#8220;][\/vc_column][\/vc_row][vc_row][vc_column][vc_empty_space height=&#8220;20px&#8220;][\/vc_column][\/vc_row][vc_row][vc_column][vc_column_text]Seit dem Jahr 2007 beleuchtet in der Vorweihnachtszeit mit Radio City im Rahmen eines wohlt\u00e4tigen Projekts die Stadt Prag, wobei mit dem Einverst\u00e4ndnis der Hauptstadt Prag der traditionelle Weihnachtsbaum am Altst\u00e4dter Platz mit seinen Lampen \u201eausgeliehen\u201c...\" \/>\n<meta property=\"og:url\" content=\"https:\/\/www.bosped.cz\/podporujeme\/rozsvitte-s-nami-prahu\/\" \/>\n<meta property=\"og:site_name\" content=\"BOSPED, spol. s r. o.\" \/>\n<meta property=\"article:modified_time\" content=\"2022-02-04T17:00:29+00:00\" \/>\n<meta name=\"twitter:card\" content=\"summary_large_image\" \/>\n<meta name=\"twitter:label1\" content=\"Gesch\u00e4tzte Lesezeit\" \/>\n\t<meta name=\"twitter:data1\" content=\"2\u00a0Minuten\" \/>\n<script type=\"application\/ld+json\" class=\"yoast-schema-graph\">{\"@context\":\"https:\\\/\\\/schema.org\",\"@graph\":[{\"@type\":\"WebPage\",\"@id\":\"https:\\\/\\\/www.bosped.cz\\\/podporujeme\\\/rozsvitte-s-nami-prahu\\\/\",\"url\":\"https:\\\/\\\/www.bosped.cz\\\/podporujeme\\\/rozsvitte-s-nami-prahu\\\/\",\"name\":\"[:cs]Rozsvi\u0165te s n\u00e1mi Prahu![:de]Beleuchten Sie mit uns Prag![:en]Light up Prague with us![:] - BOSPED, spol. s r. o.\",\"isPartOf\":{\"@id\":\"https:\\\/\\\/www.bosped.cz\\\/#website\"},\"datePublished\":\"2016-03-10T17:17:47+00:00\",\"dateModified\":\"2022-02-04T17:00:29+00:00\",\"breadcrumb\":{\"@id\":\"https:\\\/\\\/www.bosped.cz\\\/podporujeme\\\/rozsvitte-s-nami-prahu\\\/#breadcrumb\"},\"inLanguage\":\"de\",\"potentialAction\":[{\"@type\":\"ReadAction\",\"target\":[\"https:\\\/\\\/www.bosped.cz\\\/podporujeme\\\/rozsvitte-s-nami-prahu\\\/\"]}]},{\"@type\":\"BreadcrumbList\",\"@id\":\"https:\\\/\\\/www.bosped.cz\\\/podporujeme\\\/rozsvitte-s-nami-prahu\\\/#breadcrumb\",\"itemListElement\":[{\"@type\":\"ListItem\",\"position\":1,\"name\":\"Dom\u016f\",\"item\":\"https:\\\/\\\/www.bosped.cz\\\/\"},{\"@type\":\"ListItem\",\"position\":2,\"name\":\"Podporujeme\",\"item\":\"https:\\\/\\\/www.bosped.cz\\\/podporujeme\\\/\"},{\"@type\":\"ListItem\",\"position\":3,\"name\":\"Rozsvi\u0165te s n\u00e1mi Prahu!\"}]},{\"@type\":\"WebSite\",\"@id\":\"https:\\\/\\\/www.bosped.cz\\\/#website\",\"url\":\"https:\\\/\\\/www.bosped.cz\\\/\",\"name\":\"BOSPED, spol. s r. o.\",\"description\":\"My jsme JOLODA.cz!\",\"potentialAction\":[{\"@type\":\"SearchAction\",\"target\":{\"@type\":\"EntryPoint\",\"urlTemplate\":\"https:\\\/\\\/www.bosped.cz\\\/?s={search_term_string}\"},\"query-input\":{\"@type\":\"PropertyValueSpecification\",\"valueRequired\":true,\"valueName\":\"search_term_string\"}}],\"inLanguage\":\"de\"}]}<\/script>\n<!-- \/ Yoast SEO plugin. -->","yoast_head_json":{"title":"[:cs]Rozsvi\u0165te s n\u00e1mi Prahu![:de]Beleuchten Sie mit uns Prag![:en]Light up Prague with us![:] - BOSPED, spol. s r. o.","robots":{"index":"index","follow":"follow","max-snippet":"max-snippet:-1","max-image-preview":"max-image-preview:large","max-video-preview":"max-video-preview:-1"},"canonical":"https:\/\/www.bosped.cz\/podporujeme\/rozsvitte-s-nami-prahu\/","og_locale":"de_DE","og_type":"article","og_title":"[:cs]Rozsvi\u0165te s n\u00e1mi Prahu![:de]Beleuchten Sie mit uns Prag![:en]Light up Prague with us![:] - BOSPED, spol. s r. o.","og_description":"[vc_row][vc_column][vc_single_image image=&#8220;1406&#8243; img_size=&#8220;full&#8220; alignment=&#8220;center&#8220;][\/vc_column][\/vc_row][vc_row][vc_column][vc_empty_space height=&#8220;20px&#8220;][\/vc_column][\/vc_row][vc_row][vc_column][vc_column_text]Seit dem Jahr 2007 beleuchtet in der Vorweihnachtszeit mit Radio City im Rahmen eines wohlt\u00e4tigen Projekts die Stadt Prag, wobei mit dem Einverst\u00e4ndnis der Hauptstadt Prag der traditionelle Weihnachtsbaum am Altst\u00e4dter Platz mit seinen Lampen \u201eausgeliehen\u201c...","og_url":"https:\/\/www.bosped.cz\/podporujeme\/rozsvitte-s-nami-prahu\/","og_site_name":"BOSPED, spol. s r. o.","article_modified_time":"2022-02-04T17:00:29+00:00","twitter_card":"summary_large_image","twitter_misc":{"Gesch\u00e4tzte Lesezeit":"2\u00a0Minuten"},"schema":{"@context":"https:\/\/schema.org","@graph":[{"@type":"WebPage","@id":"https:\/\/www.bosped.cz\/podporujeme\/rozsvitte-s-nami-prahu\/","url":"https:\/\/www.bosped.cz\/podporujeme\/rozsvitte-s-nami-prahu\/","name":"[:cs]Rozsvi\u0165te s n\u00e1mi Prahu![:de]Beleuchten Sie mit uns Prag![:en]Light up Prague with us![:] - BOSPED, spol. s r. o.","isPartOf":{"@id":"https:\/\/www.bosped.cz\/#website"},"datePublished":"2016-03-10T17:17:47+00:00","dateModified":"2022-02-04T17:00:29+00:00","breadcrumb":{"@id":"https:\/\/www.bosped.cz\/podporujeme\/rozsvitte-s-nami-prahu\/#breadcrumb"},"inLanguage":"de","potentialAction":[{"@type":"ReadAction","target":["https:\/\/www.bosped.cz\/podporujeme\/rozsvitte-s-nami-prahu\/"]}]},{"@type":"BreadcrumbList","@id":"https:\/\/www.bosped.cz\/podporujeme\/rozsvitte-s-nami-prahu\/#breadcrumb","itemListElement":[{"@type":"ListItem","position":1,"name":"Dom\u016f","item":"https:\/\/www.bosped.cz\/"},{"@type":"ListItem","position":2,"name":"Podporujeme","item":"https:\/\/www.bosped.cz\/podporujeme\/"},{"@type":"ListItem","position":3,"name":"Rozsvi\u0165te s n\u00e1mi Prahu!"}]},{"@type":"WebSite","@id":"https:\/\/www.bosped.cz\/#website","url":"https:\/\/www.bosped.cz\/","name":"BOSPED, spol. s r. o.","description":"My jsme JOLODA.cz!","potentialAction":[{"@type":"SearchAction","target":{"@type":"EntryPoint","urlTemplate":"https:\/\/www.bosped.cz\/?s={search_term_string}"},"query-input":{"@type":"PropertyValueSpecification","valueRequired":true,"valueName":"search_term_string"}}],"inLanguage":"de"}]}},"_links":{"self":[{"href":"https:\/\/www.bosped.cz\/de\/wp-json\/wp\/v2\/pages\/1615","targetHints":{"allow":["GET"]}}],"collection":[{"href":"https:\/\/www.bosped.cz\/de\/wp-json\/wp\/v2\/pages"}],"about":[{"href":"https:\/\/www.bosped.cz\/de\/wp-json\/wp\/v2\/types\/page"}],"author":[{"embeddable":true,"href":"https:\/\/www.bosped.cz\/de\/wp-json\/wp\/v2\/users\/4"}],"replies":[{"embeddable":true,"href":"https:\/\/www.bosped.cz\/de\/wp-json\/wp\/v2\/comments?post=1615"}],"version-history":[{"count":2,"href":"https:\/\/www.bosped.cz\/de\/wp-json\/wp\/v2\/pages\/1615\/revisions"}],"predecessor-version":[{"id":2954,"href":"https:\/\/www.bosped.cz\/de\/wp-json\/wp\/v2\/pages\/1615\/revisions\/2954"}],"up":[{"embeddable":true,"href":"https:\/\/www.bosped.cz\/de\/wp-json\/wp\/v2\/pages\/1578"}],"wp:attachment":[{"href":"https:\/\/www.bosped.cz\/de\/wp-json\/wp\/v2\/media?parent=1615"}],"curies":[{"name":"wp","href":"https:\/\/api.w.org\/{rel}","templated":true}]}}