{"id":1564,"date":"2016-03-10T11:39:32","date_gmt":"2016-03-10T10:39:32","guid":{"rendered":"http:\/\/www.bosped.cz\/wp\/?page_id=1564"},"modified":"2022-02-16T10:35:21","modified_gmt":"2022-02-16T09:35:21","slug":"spedice","status":"publish","type":"page","link":"https:\/\/www.bosped.cz\/de\/sluzby\/spedice\/","title":{"rendered":"Spedition"},"content":{"rendered":"<div class=\"wpb-content-wrapper\"><p><\/p>\n<p>[vc_row][vc_column width=&#8220;1\/2&#8243;][vc_single_image image=&#8220;1958&#8243; img_size=&#8220;full&#8220;][vc_empty_space height=&#8220;5px&#8220;][vc_custom_heading text=&#8220;SPEDITION&#8220; font_container=&#8220;tag:h2|font_size:18|text_align:left&#8220; use_theme_fonts=&#8220;yes&#8220;][vc_empty_space height=&#8220;15px&#8220;][vc_column_text]Derzeit verf\u00fcgt unser Unternehmen \u00fcber einen eigenen Fuhrpark und Vertragspartner f\u00fcr den Transport von Nutzlasten zwischen 3 und 25 Tonnen, wobei wir uns in erster Linie auf den Transport mit Joloda-Aufliegern in der Papierindustrie spezialisieren, jedoch zugleich auch andere hohe Transportanforderungen mit anderer Spezialisierung gew\u00e4hrleisten, unter anderem beim Transport von ADR-Gefahrenstoffen oder Abf\u00e4llen.<br \/>\nDas Markenschild unserer Gesellschaft, deren Kundenportfolio eine Reihe renommierter ausl\u00e4ndischer Firmen umfasst, sind unsere Transporteure \u2013 bei der Sicherstellung von Transporten arbeitet BOSPED, spol. s r.o. nur mit zuverl\u00e4ssigen und gepr\u00fcften Transporteuren zusammen, welche eine hohe Qualit\u00e4t bei den durchgef\u00fchrten Transporten gew\u00e4hrleisten.[\/vc_column_text][\/vc_column][vc_column width=&#8220;1\/2&#8243;][vc_single_image image=&#8220;2009&#8243; img_size=&#8220;full&#8220;][vc_empty_space height=&#8220;10px&#8220;][vc_single_image image=&#8220;2002&#8243; img_size=&#8220;full&#8220;][vc_empty_space height=&#8220;5px&#8220;][vc_custom_heading text=&#8220;WIE WIR ARBEITEN&#8220; font_container=&#8220;tag:h2|font_size:18|text_align:left&#8220; use_theme_fonts=&#8220;yes&#8220;][vc_empty_space height=&#8220;15px&#8220;][vc_column_text]Das Unternehmen BOSPED, spol. s r.o. und seine Vertragspartner verf\u00fcgen \u00fcber entsprechende Versicherungen und der Verlauf aller Transporte wird in der Leitzentrale in Prag oder in unserer Zweigstelle in N\u00e1chod fortlaufend \u00fcberwacht. Die Disponenten arbeiten \u00fcber die Transportplattform Transporeon Tysis und verwenden auch Timocom sowie Raal Trans, da wir einige unserer vertraglichen Transporteure dauerhaft und ausschlie\u00dflich besch\u00e4ftigen. Ihnen \u00fcberl\u00e4sst unser Unternehmen bei Interesse auch unsere eigenen Auflieger mit Joloda-System f\u00fcr den Betrieb mit ihren Sattelschleppern. So m\u00f6chten wir der steigenden Nachfrage unserer Schl\u00fcsselkunden aus der Papierindustrie begegnen und das Qualit\u00e4tsniveau unserer Transporte langfristig halten. [\/vc_column_text][\/vc_column][\/vc_row][vc_row][vc_column][vc_empty_space height=&#8220;60px&#8220;][\/vc_column][\/vc_row]<\/p>\n<p><\/p>\n<\/div>","protected":false},"excerpt":{"rendered":"<p>[vc_row][vc_column width=&#8220;1\/2&#8243;][vc_single_image image=&#8220;1958&#8243; img_size=&#8220;full&#8220;][vc_empty_space height=&#8220;5px&#8220;][vc_custom_heading text=&#8220;SPEDITION&#8220; font_container=&#8220;tag:h2|font_size:18|text_align:left&#8220; use_theme_fonts=&#8220;yes&#8220;][vc_empty_space height=&#8220;15px&#8220;][vc_column_text]Derzeit verf\u00fcgt unser Unternehmen \u00fcber einen eigenen Fuhrpark und Vertragspartner f\u00fcr den Transport von Nutzlasten zwischen 3 und 25 Tonnen, wobei wir uns in erster Linie auf den Transport mit Joloda-Aufliegern in&#8230;<\/p>\n","protected":false},"author":4,"featured_media":0,"parent":9,"menu_order":1,"comment_status":"closed","ping_status":"closed","template":"","meta":{"footnotes":""},"class_list":["post-1564","page","type-page","status-publish","hentry"],"yoast_head":"<!-- This site is optimized with the Yoast SEO plugin v27.5 - https:\/\/yoast.com\/product\/yoast-seo-wordpress\/ -->\n<title>Spedition - BOSPED, spol. s r. o.<\/title>\n<meta name=\"description\" content=\"Slu\u017eby spedice a zam\u011bstn\u00e1v\u00e1n\u00ed vozidel pro p\u0159epravy o u\u017eite\u010dn\u00fdch hmotnostech od 3 do 25 tun se specializac\u00ed na p\u0159epravy joloda n\u00e1v\u011bsy\" \/>\n<meta name=\"robots\" content=\"index, follow, max-snippet:-1, max-image-preview:large, max-video-preview:-1\" \/>\n<link rel=\"canonical\" href=\"https:\/\/www.bosped.cz\/sluzby\/spedice\/\" \/>\n<meta property=\"og:locale\" content=\"de_DE\" \/>\n<meta property=\"og:type\" content=\"article\" \/>\n<meta property=\"og:title\" content=\"[:cs]Spedice[:de]Spedition[:en]Forwarding[:] - BOSPED, spol. s r. o.\" \/>\n<meta property=\"og:description\" content=\"Slu\u017eby spedice a zam\u011bstn\u00e1v\u00e1n\u00ed vozidel pro p\u0159epravy o u\u017eite\u010dn\u00fdch hmotnostech od 3 do 25 tun se specializac\u00ed na p\u0159epravy joloda n\u00e1v\u011bsy\" \/>\n<meta property=\"og:url\" content=\"https:\/\/www.bosped.cz\/sluzby\/spedice\/\" \/>\n<meta property=\"og:site_name\" content=\"BOSPED, spol. s r. o.\" \/>\n<meta property=\"article:modified_time\" content=\"2022-02-16T09:35:21+00:00\" \/>\n<meta name=\"twitter:card\" content=\"summary_large_image\" \/>\n<meta name=\"twitter:label1\" content=\"Gesch\u00e4tzte Lesezeit\" \/>\n\t<meta name=\"twitter:data1\" content=\"6\u00a0Minuten\" \/>\n<script type=\"application\/ld+json\" class=\"yoast-schema-graph\">{\"@context\":\"https:\\\/\\\/schema.org\",\"@graph\":[{\"@type\":\"WebPage\",\"@id\":\"https:\\\/\\\/www.bosped.cz\\\/sluzby\\\/spedice\\\/\",\"url\":\"https:\\\/\\\/www.bosped.cz\\\/sluzby\\\/spedice\\\/\",\"name\":\"[:cs]Spedice[:de]Spedition[:en]Forwarding[:] - BOSPED, spol. s r. o.\",\"isPartOf\":{\"@id\":\"https:\\\/\\\/www.bosped.cz\\\/#website\"},\"datePublished\":\"2016-03-10T10:39:32+00:00\",\"dateModified\":\"2022-02-16T09:35:21+00:00\",\"description\":\"Slu\u017eby spedice a zam\u011bstn\u00e1v\u00e1n\u00ed vozidel pro p\u0159epravy o u\u017eite\u010dn\u00fdch hmotnostech od 3 do 25 tun se specializac\u00ed na p\u0159epravy joloda n\u00e1v\u011bsy\",\"breadcrumb\":{\"@id\":\"https:\\\/\\\/www.bosped.cz\\\/sluzby\\\/spedice\\\/#breadcrumb\"},\"inLanguage\":\"de\",\"potentialAction\":[{\"@type\":\"ReadAction\",\"target\":[\"https:\\\/\\\/www.bosped.cz\\\/sluzby\\\/spedice\\\/\"]}]},{\"@type\":\"BreadcrumbList\",\"@id\":\"https:\\\/\\\/www.bosped.cz\\\/sluzby\\\/spedice\\\/#breadcrumb\",\"itemListElement\":[{\"@type\":\"ListItem\",\"position\":1,\"name\":\"Dom\u016f\",\"item\":\"https:\\\/\\\/www.bosped.cz\\\/\"},{\"@type\":\"ListItem\",\"position\":2,\"name\":\"Dienstleistungen\",\"item\":\"https:\\\/\\\/www.bosped.cz\\\/de\\\/sluzby\\\/\"},{\"@type\":\"ListItem\",\"position\":3,\"name\":\"Spedice\"}]},{\"@type\":\"WebSite\",\"@id\":\"https:\\\/\\\/www.bosped.cz\\\/#website\",\"url\":\"https:\\\/\\\/www.bosped.cz\\\/\",\"name\":\"BOSPED, spol. s r. o.\",\"description\":\"My jsme JOLODA.cz!\",\"potentialAction\":[{\"@type\":\"SearchAction\",\"target\":{\"@type\":\"EntryPoint\",\"urlTemplate\":\"https:\\\/\\\/www.bosped.cz\\\/?s={search_term_string}\"},\"query-input\":{\"@type\":\"PropertyValueSpecification\",\"valueRequired\":true,\"valueName\":\"search_term_string\"}}],\"inLanguage\":\"de\"}]}<\/script>\n<!-- \/ Yoast SEO plugin. -->","yoast_head_json":{"title":"[:cs]Spedice[:de]Spedition[:en]Forwarding[:] - BOSPED, spol. s r. o.","description":"Slu\u017eby spedice a zam\u011bstn\u00e1v\u00e1n\u00ed vozidel pro p\u0159epravy o u\u017eite\u010dn\u00fdch hmotnostech od 3 do 25 tun se specializac\u00ed na p\u0159epravy joloda n\u00e1v\u011bsy","robots":{"index":"index","follow":"follow","max-snippet":"max-snippet:-1","max-image-preview":"max-image-preview:large","max-video-preview":"max-video-preview:-1"},"canonical":"https:\/\/www.bosped.cz\/sluzby\/spedice\/","og_locale":"de_DE","og_type":"article","og_title":"[:cs]Spedice[:de]Spedition[:en]Forwarding[:] - BOSPED, spol. s r. o.","og_description":"Slu\u017eby spedice a zam\u011bstn\u00e1v\u00e1n\u00ed vozidel pro p\u0159epravy o u\u017eite\u010dn\u00fdch hmotnostech od 3 do 25 tun se specializac\u00ed na p\u0159epravy joloda n\u00e1v\u011bsy","og_url":"https:\/\/www.bosped.cz\/sluzby\/spedice\/","og_site_name":"BOSPED, spol. s r. o.","article_modified_time":"2022-02-16T09:35:21+00:00","twitter_card":"summary_large_image","twitter_misc":{"Gesch\u00e4tzte Lesezeit":"6\u00a0Minuten"},"schema":{"@context":"https:\/\/schema.org","@graph":[{"@type":"WebPage","@id":"https:\/\/www.bosped.cz\/sluzby\/spedice\/","url":"https:\/\/www.bosped.cz\/sluzby\/spedice\/","name":"[:cs]Spedice[:de]Spedition[:en]Forwarding[:] - BOSPED, spol. s r. o.","isPartOf":{"@id":"https:\/\/www.bosped.cz\/#website"},"datePublished":"2016-03-10T10:39:32+00:00","dateModified":"2022-02-16T09:35:21+00:00","description":"Slu\u017eby spedice a zam\u011bstn\u00e1v\u00e1n\u00ed vozidel pro p\u0159epravy o u\u017eite\u010dn\u00fdch hmotnostech od 3 do 25 tun se specializac\u00ed na p\u0159epravy joloda n\u00e1v\u011bsy","breadcrumb":{"@id":"https:\/\/www.bosped.cz\/sluzby\/spedice\/#breadcrumb"},"inLanguage":"de","potentialAction":[{"@type":"ReadAction","target":["https:\/\/www.bosped.cz\/sluzby\/spedice\/"]}]},{"@type":"BreadcrumbList","@id":"https:\/\/www.bosped.cz\/sluzby\/spedice\/#breadcrumb","itemListElement":[{"@type":"ListItem","position":1,"name":"Dom\u016f","item":"https:\/\/www.bosped.cz\/"},{"@type":"ListItem","position":2,"name":"Dienstleistungen","item":"https:\/\/www.bosped.cz\/de\/sluzby\/"},{"@type":"ListItem","position":3,"name":"Spedice"}]},{"@type":"WebSite","@id":"https:\/\/www.bosped.cz\/#website","url":"https:\/\/www.bosped.cz\/","name":"BOSPED, spol. s r. o.","description":"My jsme JOLODA.cz!","potentialAction":[{"@type":"SearchAction","target":{"@type":"EntryPoint","urlTemplate":"https:\/\/www.bosped.cz\/?s={search_term_string}"},"query-input":{"@type":"PropertyValueSpecification","valueRequired":true,"valueName":"search_term_string"}}],"inLanguage":"de"}]}},"_links":{"self":[{"href":"https:\/\/www.bosped.cz\/de\/wp-json\/wp\/v2\/pages\/1564","targetHints":{"allow":["GET"]}}],"collection":[{"href":"https:\/\/www.bosped.cz\/de\/wp-json\/wp\/v2\/pages"}],"about":[{"href":"https:\/\/www.bosped.cz\/de\/wp-json\/wp\/v2\/types\/page"}],"author":[{"embeddable":true,"href":"https:\/\/www.bosped.cz\/de\/wp-json\/wp\/v2\/users\/4"}],"replies":[{"embeddable":true,"href":"https:\/\/www.bosped.cz\/de\/wp-json\/wp\/v2\/comments?post=1564"}],"version-history":[{"count":4,"href":"https:\/\/www.bosped.cz\/de\/wp-json\/wp\/v2\/pages\/1564\/revisions"}],"predecessor-version":[{"id":2982,"href":"https:\/\/www.bosped.cz\/de\/wp-json\/wp\/v2\/pages\/1564\/revisions\/2982"}],"up":[{"embeddable":true,"href":"https:\/\/www.bosped.cz\/de\/wp-json\/wp\/v2\/pages\/9"}],"wp:attachment":[{"href":"https:\/\/www.bosped.cz\/de\/wp-json\/wp\/v2\/media?parent=1564"}],"curies":[{"name":"wp","href":"https:\/\/api.w.org\/{rel}","templated":true}]}}