{"id":1559,"date":"2016-03-10T11:32:19","date_gmt":"2016-03-10T10:32:19","guid":{"rendered":"http:\/\/www.bosped.cz\/wp\/?page_id=1559"},"modified":"2022-02-16T10:18:21","modified_gmt":"2022-02-16T09:18:21","slug":"joloda","status":"publish","type":"page","link":"https:\/\/www.bosped.cz\/de\/sluzby\/joloda\/","title":{"rendered":"Joloda"},"content":{"rendered":"<div class=\"wpb-content-wrapper\"><p>[vc_row][vc_column width=&#8220;1\/2&#8243;][vc_single_image image=&#8220;1968&#8243; img_size=&#8220;full&#8220;][vc_empty_space height=&#8220;5px&#8220;][vc_custom_heading text=&#8220;WAS IST JOLODA?&#8220; font_container=&#8220;tag:h2|font_size:18|text_align:left&#8220; use_theme_fonts=&#8220;yes&#8220;][vc_empty_space height=&#8220;15px&#8220;][vc_column_text]<\/p>\n<p>Das System JOLODA hat die Aufgabe der Vereinfachung und damit Beschleunigung des Be- und Entladens von Aufliegern sowie die Aufgabe, zur Sicherheit des Aufliegers beim Transport beizutragen.<\/p>\n<p>Es besteht aus vier l\u00e4ngs eingelassenen Stahlschienen, welche mit Hilfe eines entsprechenden Rollers erlauben, Palettenware, Papier- und andere Rollen oder sonstige Transportg\u00fcter ins Fahrzeug oder umgekehrt aus dem Fahrzeug auf die Rampe zu bewegen. An diesen Schienen wird die Fracht w\u00e4hrend des Transports mit Hilfe von Arretierungskeilen festgemacht.<\/p>\n<p>Dies erm\u00f6glicht den Anschluss an das System am Ort der Be- oder Entladung und damit die einfache Verlagerung der Fracht zwischen dem Fahrzeug und dem Lager, im Fall eines Automatiksystems kann die Verwendung eines Hubwagens komplett entfallen und damit wird helfen, umweltsch\u00e4dliche Emissionen zu vermeiden.<span style=\"line-height: 1.5;\">[\/vc_column_text][\/vc_column][vc_column width=&#8220;1\/2&#8243;][vc_single_image image=&#8220;1969&#8243; img_size=&#8220;full&#8220;][vc_empty_space height=&#8220;10px&#8220;][vc_single_image image=&#8220;1974&#8243; img_size=&#8220;full&#8220;][vc_empty_space height=&#8220;5px&#8220;][vc_custom_heading text=&#8220;VORTEILE DES JOLODA-SYSTEMS&#8220; font_container=&#8220;tag:h2|font_size:18|text_align:left&#8220; use_theme_fonts=&#8220;yes&#8220;][vc_empty_space height=&#8220;15px&#8220;][vc_column_text]Nicht nur die Absender und Empf\u00e4nger sch\u00e4tzen die folgenden Eigenschaften des JOLODA-Systems:[\/vc_column_text][vc_row_inner][vc_column_inner width=&#8220;1\/2&#8243;][vc_column_text]<\/span><\/p>\n<ul class=\"list \">\n<li>Beschleunigung der Be- und Entladung<\/li>\n<li>Verbesserte Sicherung der Fracht<\/li>\n<li>Vermindert den Einsatz von Hubwagen<\/li>\n<li>Vermindert Kohlenstoffemissionen<\/li>\n<\/ul>\n<p>[\/vc_column_text][\/vc_column_inner][vc_column_inner width=&#8220;1\/2&#8243;][vc_column_text]<\/p>\n<ul class=\"list \">\n<li>Geeignetes Transportsystem f\u00fcr Rollen<\/li>\n<li>Ideal f\u00fcr den Transport in der Papierindustrie<\/li>\n<li>M\u00f6glicher Anschluss an Automatiksystem in Lagern<\/li>\n<li>Erm\u00f6glicht die Erweiterung von Transportkapazit\u00e4ten<\/li>\n<\/ul>\n<p>[\/vc_column_text][\/vc_column_inner][\/vc_row_inner][\/vc_column][\/vc_row][vc_row][vc_column][vc_empty_space height=&#8220;60px&#8220;][\/vc_column][\/vc_row]<\/p>\n<\/div>","protected":false},"excerpt":{"rendered":"<p>[vc_row][vc_column width=&#8220;1\/2&#8243;][vc_single_image image=&#8220;1968&#8243; img_size=&#8220;full&#8220;][vc_empty_space height=&#8220;5px&#8220;][vc_custom_heading text=&#8220;WAS IST JOLODA?&#8220; font_container=&#8220;tag:h2|font_size:18|text_align:left&#8220; use_theme_fonts=&#8220;yes&#8220;][vc_empty_space height=&#8220;15px&#8220;][vc_column_text] Das System JOLODA hat die Aufgabe der Vereinfachung und damit Beschleunigung des Be- und Entladens von Aufliegern sowie die Aufgabe, zur Sicherheit des Aufliegers beim Transport beizutragen. Es besteht&#8230;<\/p>\n","protected":false},"author":4,"featured_media":0,"parent":9,"menu_order":4,"comment_status":"closed","ping_status":"closed","template":"","meta":{"footnotes":""},"class_list":["post-1559","page","type-page","status-publish","hentry"],"yoast_head":"<!-- This site is optimized with the Yoast SEO plugin v27.4 - https:\/\/yoast.com\/product\/yoast-seo-wordpress\/ -->\n<title>Joloda - BOSPED, spol. s r. o.<\/title>\n<meta name=\"description\" content=\"Zabezpe\u010dujeme p\u0159epravy nejen pro pap\u00edrensk\u00fd pr\u016fmysl s vyu\u017eit\u00edm n\u00e1v\u011bs\u016f se syst\u00e9mem joloda a dal\u0161\u00ed logistick\u00e9 slu\u017eby\" \/>\n<meta name=\"robots\" content=\"index, follow, max-snippet:-1, max-image-preview:large, max-video-preview:-1\" \/>\n<link rel=\"canonical\" href=\"https:\/\/www.bosped.cz\/sluzby\/joloda\/\" \/>\n<meta property=\"og:locale\" content=\"de_DE\" \/>\n<meta property=\"og:type\" content=\"article\" \/>\n<meta property=\"og:title\" content=\"Joloda - BOSPED, spol. s r. o.\" \/>\n<meta property=\"og:description\" content=\"Zabezpe\u010dujeme p\u0159epravy nejen pro pap\u00edrensk\u00fd pr\u016fmysl s vyu\u017eit\u00edm n\u00e1v\u011bs\u016f se syst\u00e9mem joloda a dal\u0161\u00ed logistick\u00e9 slu\u017eby\" \/>\n<meta property=\"og:url\" content=\"https:\/\/www.bosped.cz\/sluzby\/joloda\/\" \/>\n<meta property=\"og:site_name\" content=\"BOSPED, spol. s r. o.\" \/>\n<meta property=\"article:modified_time\" content=\"2022-02-16T09:18:21+00:00\" \/>\n<meta name=\"twitter:card\" content=\"summary_large_image\" \/>\n<meta name=\"twitter:label1\" content=\"Gesch\u00e4tzte Lesezeit\" \/>\n\t<meta name=\"twitter:data1\" content=\"1\u00a0Minute\" \/>\n<script type=\"application\/ld+json\" class=\"yoast-schema-graph\">{\"@context\":\"https:\\\/\\\/schema.org\",\"@graph\":[{\"@type\":\"WebPage\",\"@id\":\"https:\\\/\\\/www.bosped.cz\\\/sluzby\\\/joloda\\\/\",\"url\":\"https:\\\/\\\/www.bosped.cz\\\/sluzby\\\/joloda\\\/\",\"name\":\"Joloda - BOSPED, spol. s r. o.\",\"isPartOf\":{\"@id\":\"https:\\\/\\\/www.bosped.cz\\\/#website\"},\"datePublished\":\"2016-03-10T10:32:19+00:00\",\"dateModified\":\"2022-02-16T09:18:21+00:00\",\"description\":\"Zabezpe\u010dujeme p\u0159epravy nejen pro pap\u00edrensk\u00fd pr\u016fmysl s vyu\u017eit\u00edm n\u00e1v\u011bs\u016f se syst\u00e9mem joloda a dal\u0161\u00ed logistick\u00e9 slu\u017eby\",\"breadcrumb\":{\"@id\":\"https:\\\/\\\/www.bosped.cz\\\/sluzby\\\/joloda\\\/#breadcrumb\"},\"inLanguage\":\"de\",\"potentialAction\":[{\"@type\":\"ReadAction\",\"target\":[\"https:\\\/\\\/www.bosped.cz\\\/sluzby\\\/joloda\\\/\"]}]},{\"@type\":\"BreadcrumbList\",\"@id\":\"https:\\\/\\\/www.bosped.cz\\\/sluzby\\\/joloda\\\/#breadcrumb\",\"itemListElement\":[{\"@type\":\"ListItem\",\"position\":1,\"name\":\"Dom\u016f\",\"item\":\"https:\\\/\\\/www.bosped.cz\\\/\"},{\"@type\":\"ListItem\",\"position\":2,\"name\":\"Dienstleistungen\",\"item\":\"https:\\\/\\\/www.bosped.cz\\\/de\\\/sluzby\\\/\"},{\"@type\":\"ListItem\",\"position\":3,\"name\":\"Joloda\"}]},{\"@type\":\"WebSite\",\"@id\":\"https:\\\/\\\/www.bosped.cz\\\/#website\",\"url\":\"https:\\\/\\\/www.bosped.cz\\\/\",\"name\":\"BOSPED, spol. s r. o.\",\"description\":\"My jsme JOLODA.cz!\",\"potentialAction\":[{\"@type\":\"SearchAction\",\"target\":{\"@type\":\"EntryPoint\",\"urlTemplate\":\"https:\\\/\\\/www.bosped.cz\\\/?s={search_term_string}\"},\"query-input\":{\"@type\":\"PropertyValueSpecification\",\"valueRequired\":true,\"valueName\":\"search_term_string\"}}],\"inLanguage\":\"de\"}]}<\/script>\n<!-- \/ Yoast SEO plugin. -->","yoast_head_json":{"title":"Joloda - BOSPED, spol. s r. o.","description":"Zabezpe\u010dujeme p\u0159epravy nejen pro pap\u00edrensk\u00fd pr\u016fmysl s vyu\u017eit\u00edm n\u00e1v\u011bs\u016f se syst\u00e9mem joloda a dal\u0161\u00ed logistick\u00e9 slu\u017eby","robots":{"index":"index","follow":"follow","max-snippet":"max-snippet:-1","max-image-preview":"max-image-preview:large","max-video-preview":"max-video-preview:-1"},"canonical":"https:\/\/www.bosped.cz\/sluzby\/joloda\/","og_locale":"de_DE","og_type":"article","og_title":"Joloda - BOSPED, spol. s r. o.","og_description":"Zabezpe\u010dujeme p\u0159epravy nejen pro pap\u00edrensk\u00fd pr\u016fmysl s vyu\u017eit\u00edm n\u00e1v\u011bs\u016f se syst\u00e9mem joloda a dal\u0161\u00ed logistick\u00e9 slu\u017eby","og_url":"https:\/\/www.bosped.cz\/sluzby\/joloda\/","og_site_name":"BOSPED, spol. s r. o.","article_modified_time":"2022-02-16T09:18:21+00:00","twitter_card":"summary_large_image","twitter_misc":{"Gesch\u00e4tzte Lesezeit":"1\u00a0Minute"},"schema":{"@context":"https:\/\/schema.org","@graph":[{"@type":"WebPage","@id":"https:\/\/www.bosped.cz\/sluzby\/joloda\/","url":"https:\/\/www.bosped.cz\/sluzby\/joloda\/","name":"Joloda - BOSPED, spol. s r. o.","isPartOf":{"@id":"https:\/\/www.bosped.cz\/#website"},"datePublished":"2016-03-10T10:32:19+00:00","dateModified":"2022-02-16T09:18:21+00:00","description":"Zabezpe\u010dujeme p\u0159epravy nejen pro pap\u00edrensk\u00fd pr\u016fmysl s vyu\u017eit\u00edm n\u00e1v\u011bs\u016f se syst\u00e9mem joloda a dal\u0161\u00ed logistick\u00e9 slu\u017eby","breadcrumb":{"@id":"https:\/\/www.bosped.cz\/sluzby\/joloda\/#breadcrumb"},"inLanguage":"de","potentialAction":[{"@type":"ReadAction","target":["https:\/\/www.bosped.cz\/sluzby\/joloda\/"]}]},{"@type":"BreadcrumbList","@id":"https:\/\/www.bosped.cz\/sluzby\/joloda\/#breadcrumb","itemListElement":[{"@type":"ListItem","position":1,"name":"Dom\u016f","item":"https:\/\/www.bosped.cz\/"},{"@type":"ListItem","position":2,"name":"Dienstleistungen","item":"https:\/\/www.bosped.cz\/de\/sluzby\/"},{"@type":"ListItem","position":3,"name":"Joloda"}]},{"@type":"WebSite","@id":"https:\/\/www.bosped.cz\/#website","url":"https:\/\/www.bosped.cz\/","name":"BOSPED, spol. s r. o.","description":"My jsme JOLODA.cz!","potentialAction":[{"@type":"SearchAction","target":{"@type":"EntryPoint","urlTemplate":"https:\/\/www.bosped.cz\/?s={search_term_string}"},"query-input":{"@type":"PropertyValueSpecification","valueRequired":true,"valueName":"search_term_string"}}],"inLanguage":"de"}]}},"_links":{"self":[{"href":"https:\/\/www.bosped.cz\/de\/wp-json\/wp\/v2\/pages\/1559","targetHints":{"allow":["GET"]}}],"collection":[{"href":"https:\/\/www.bosped.cz\/de\/wp-json\/wp\/v2\/pages"}],"about":[{"href":"https:\/\/www.bosped.cz\/de\/wp-json\/wp\/v2\/types\/page"}],"author":[{"embeddable":true,"href":"https:\/\/www.bosped.cz\/de\/wp-json\/wp\/v2\/users\/4"}],"replies":[{"embeddable":true,"href":"https:\/\/www.bosped.cz\/de\/wp-json\/wp\/v2\/comments?post=1559"}],"version-history":[{"count":9,"href":"https:\/\/www.bosped.cz\/de\/wp-json\/wp\/v2\/pages\/1559\/revisions"}],"predecessor-version":[{"id":2981,"href":"https:\/\/www.bosped.cz\/de\/wp-json\/wp\/v2\/pages\/1559\/revisions\/2981"}],"up":[{"embeddable":true,"href":"https:\/\/www.bosped.cz\/de\/wp-json\/wp\/v2\/pages\/9"}],"wp:attachment":[{"href":"https:\/\/www.bosped.cz\/de\/wp-json\/wp\/v2\/media?parent=1559"}],"curies":[{"name":"wp","href":"https:\/\/api.w.org\/{rel}","templated":true}]}}